{"id":1022,"date":"2024-01-18T10:54:32","date_gmt":"2024-01-18T10:54:32","guid":{"rendered":"https:\/\/smartweb.lv\/workshops\/"},"modified":"2026-03-30T15:10:25","modified_gmt":"2026-03-30T15:10:25","slug":"smarty-ai","status":"publish","type":"page","link":"https:\/\/smartweb.lv\/ru\/smarty-mi\/","title":{"rendered":"SMARTY AI"},"content":{"rendered":"<div data-elementor-type=\"wp-page\" data-elementor-id=\"1022\" class=\"elementor elementor-1022\" data-elementor-post-type=\"page\">\n\t\t\t\t<div class=\"elementor-element elementor-element-9c89c1a e-con-full e-flex e-con e-parent\" data-id=\"9c89c1a\" data-element_type=\"container\" data-e-type=\"container\">\n\t\t<div class=\"elementor-element elementor-element-57f7919 e-con-full e-flex e-con e-child\" data-id=\"57f7919\" data-element_type=\"container\" data-e-type=\"container\">\n\t\t<div class=\"elementor-element elementor-element-aae04e4 e-con-full e-flex e-con e-child\" data-id=\"aae04e4\" data-element_type=\"container\" data-e-type=\"container\">\n\t\t<div class=\"elementor-element elementor-element-9b13aa4 e-con-full animated-slow e-flex elementor-invisible e-con e-child\" data-id=\"9b13aa4\" data-element_type=\"container\" data-e-type=\"container\" data-settings=\"{&quot;animation&quot;:&quot;fadeIn&quot;}\">\n\t\t\t\t<div class=\"elementor-element elementor-element-be0738a elementor-widget elementor-widget-heading\" data-id=\"be0738a\" data-element_type=\"widget\" data-e-type=\"widget\" data-widget_type=\"heading.default\">\n\t\t\t\t\t<h1 class=\"elementor-heading-title elementor-size-default\">SMARTY AI<\/h1>\t\t\t\t<\/div>\n\t\t\t\t<div class=\"elementor-element elementor-element-437ac54 elementor-widget__width-initial elementor-widget-mobile__width-inherit elementor-widget-tablet_extra__width-inherit elementor-widget-tablet__width-inherit elementor-widget-mobile_extra__width-inherit elementor-invisible elementor-widget elementor-widget-text-editor\" data-id=\"437ac54\" data-element_type=\"widget\" data-e-type=\"widget\" data-settings=\"{&quot;_animation&quot;:&quot;fadeInDown&quot;}\" data-widget_type=\"text-editor.default\">\n\t\t\t\t\t\t\t\t\t<p>SMARTWEB - \u044d\u0442\u043e \u0438\u043d\u0441\u0442\u0440\u0443\u043c\u0435\u043d\u0442 \u0438\u0441\u043a\u0443\u0441\u0441\u0442\u0432\u0435\u043d\u043d\u043e\u0433\u043e \u0438\u043d\u0442\u0435\u043b\u043b\u0435\u043a\u0442\u0430 \u0434\u043b\u044f \u0432\u0430\u0448\u0435\u0433\u043e \u0431\u0438\u0437\u043d\u0435\u0441\u0430. \u041e\u0447\u0435\u043d\u044c \u043f\u0440\u043e\u0441\u0442 \u0432 \u0438\u0441\u043f\u043e\u043b\u044c\u0437\u043e\u0432\u0430\u043d\u0438\u0438 \u0438 \u0432\u0441\u0442\u0440\u0430\u0438\u0432\u0430\u0435\u0442\u0441\u044f \u0432 \u043b\u044e\u0431\u0443\u044e \u043f\u043b\u0430\u0442\u0444\u043e\u0440\u043c\u0443 \u0432\u0435\u0431-\u0441\u0430\u0439\u0442\u0430.<\/p>\t\t\t\t\t\t\t\t<\/div>\n\t\t\t\t<\/div>\n\t\t\t\t<\/div>\n\t\t\t\t<div class=\"elementor-element elementor-element-5d6f805 animated-slow elementor-invisible elementor-widget elementor-widget-heading\" data-id=\"5d6f805\" data-element_type=\"widget\" data-e-type=\"widget\" data-settings=\"{&quot;_animation&quot;:&quot;fadeInUp&quot;,&quot;_animation_delay&quot;:600}\" data-widget_type=\"heading.default\">\n\t\t\t\t\t<p class=\"elementor-heading-title elementor-size-default\">\u0418\u0418-\u0447\u0430\u0442\u0431\u043e\u0442<\/p>\t\t\t\t<\/div>\n\t\t\t\t<\/div>\n\t\t<div class=\"elementor-element elementor-element-823a15d e-con-full animated-slow e-flex elementor-invisible e-con e-child\" data-id=\"823a15d\" data-element_type=\"container\" data-e-type=\"container\" data-settings=\"{&quot;background_background&quot;:&quot;classic&quot;,&quot;animation&quot;:&quot;fadeIn&quot;,&quot;animation_delay&quot;:200}\">\n\t\t\t\t<\/div>\n\t\t\t\t<\/div>\n\t\t<div class=\"elementor-element elementor-element-bed8d17 e-con-full e-flex e-con e-parent\" data-id=\"bed8d17\" data-element_type=\"container\" data-e-type=\"container\">\n\t\t<div class=\"elementor-element elementor-element-6b22127 e-con-full e-flex elementor-invisible e-con e-child\" data-id=\"6b22127\" data-element_type=\"container\" data-e-type=\"container\" data-settings=\"{&quot;animation&quot;:&quot;fadeIn&quot;,&quot;animation_delay&quot;:200}\">\n\t\t\t\t<div class=\"elementor-element elementor-element-e8357ba elementor-widget elementor-widget-image\" data-id=\"e8357ba\" data-element_type=\"widget\" data-e-type=\"widget\" data-widget_type=\"image.default\">\n\t\t\t\t\t\t\t\t\t\t\t\t\t\t\t<img fetchpriority=\"high\" decoding=\"async\" width=\"1300\" height=\"1080\" src=\"https:\/\/smartwebbaltic.se\/wp-content\/uploads\/2025\/11\/SMARRT-AI.png\" class=\"attachment-full size-full wp-image-2828\" alt=\"it pakalpojumi\" srcset=\"https:\/\/smartwebbaltic.se\/wp-content\/uploads\/2025\/11\/SMARRT-AI.png 1300w, https:\/\/smartwebbaltic.se\/wp-content\/uploads\/2025\/11\/SMARRT-AI-300x249.png 300w, https:\/\/smartwebbaltic.se\/wp-content\/uploads\/2025\/11\/SMARRT-AI-1024x851.png 1024w, https:\/\/smartwebbaltic.se\/wp-content\/uploads\/2025\/11\/SMARRT-AI-768x638.png 768w\" sizes=\"(max-width: 1300px) 100vw, 1300px\" title=\"\">\t\t\t\t\t\t\t\t\t\t\t\t\t\t\t<\/div>\n\t\t\t\t<\/div>\n\t\t<div class=\"elementor-element elementor-element-85aff2a e-con-full animated-slow e-flex elementor-invisible e-con e-child\" data-id=\"85aff2a\" data-element_type=\"container\" data-e-type=\"container\" data-settings=\"{&quot;animation&quot;:&quot;fadeIn&quot;}\">\n\t\t\t\t<div class=\"elementor-element elementor-element-4626ae2 elementor-widget elementor-widget-heading\" data-id=\"4626ae2\" data-element_type=\"widget\" data-e-type=\"widget\" data-widget_type=\"heading.default\">\n\t\t\t\t\t<h2 class=\"elementor-heading-title elementor-size-default\">\u0418\u0441\u0442\u043e\u0440\u0438\u0438 \u043f\u0435\u0440\u0435\u043f\u0438\u0441\u043a\u0438<\/h2>\t\t\t\t<\/div>\n\t\t\t\t<div class=\"elementor-element elementor-element-dc3c6cf elementor-widget elementor-widget-text-editor\" data-id=\"dc3c6cf\" data-element_type=\"widget\" data-e-type=\"widget\" data-widget_type=\"text-editor.default\">\n\t\t\t\t\t\t\t\t\t<p>\u0412\u044b \u0441\u043c\u043e\u0436\u0435\u0442\u0435 \u043f\u0440\u043e\u0441\u043c\u0430\u0442\u0440\u0438\u0432\u0430\u0442\u044c \u0438 \u0438\u0441\u043a\u0430\u0442\u044c \u0438\u0441\u0442\u043e\u0440\u0438\u044e \u043f\u0435\u0440\u0435\u043f\u0438\u0441\u043a\u0438 \u043f\u043e\u0441\u0435\u0442\u0438\u0442\u0435\u043b\u0435\u0439 \u0441 \u0432\u0430\u0448\u0438\u043c \u0438\u043d\u0441\u0442\u0440\u0443\u043c\u0435\u043d\u0442\u043e\u043c MI. \u0418\u0441\u0442\u043e\u0440\u0438\u044f \u043f\u043e\u043c\u043e\u0436\u0435\u0442 \u0432\u0430\u043c \u043f\u043e\u043d\u044f\u0442\u044c, \u0447\u0442\u043e \u0438\u043d\u0442\u0435\u0440\u0435\u0441\u0443\u0435\u0442 \u0432\u0430\u0448\u0438\u0445 \u043f\u043e\u0441\u0435\u0442\u0438\u0442\u0435\u043b\u0435\u0439, \u0438 \u0435\u0441\u043b\u0438 \u0432\u044b \u0443\u0432\u0438\u0434\u0438\u0442\u0435, \u0447\u0442\u043e \u0432 \u0442\u0430\u0431\u043b\u0438\u0446\u0435 \u0432\u043e\u043f\u0440\u043e\u0441\u043e\u0432 \u0438 \u043e\u0442\u0432\u0435\u0442\u043e\u0432 \u043d\u0435\u0442 \u043d\u0443\u0436\u043d\u043e\u0433\u043e \u0432\u0430\u043c \u043e\u0442\u0432\u0435\u0442\u0430, \u0432\u044b \u043c\u043e\u0436\u0435\u0442\u0435 \u0441\u043c\u0435\u043b\u043e \u0434\u043e\u043f\u043e\u043b\u043d\u0438\u0442\u044c \u0435\u0435. \u0412\u044b \u0442\u0430\u043a\u0436\u0435 \u043c\u043e\u0436\u0435\u0442\u0435 \u0441\u043a\u0430\u0447\u0430\u0442\u044c \u0444\u0430\u0439\u043b PDF \u0438\u043b\u0438 CSV \u0441\u043e \u0432\u0441\u0435\u0439 \u043f\u0435\u0440\u0435\u043f\u0438\u0441\u043a\u043e\u0439.<\/p>\t\t\t\t\t\t\t\t<\/div>\n\t\t\t\t<\/div>\n\t\t\t\t<\/div>\n\t\t<div class=\"elementor-element elementor-element-a4443a5 e-con-full e-flex e-con e-parent\" data-id=\"a4443a5\" data-element_type=\"container\" data-e-type=\"container\">\n\t\t<div class=\"elementor-element elementor-element-1fba512 e-con-full animated-slow e-flex elementor-invisible e-con e-child\" data-id=\"1fba512\" data-element_type=\"container\" data-e-type=\"container\" data-settings=\"{&quot;animation&quot;:&quot;fadeIn&quot;,&quot;animation_delay&quot;:200}\">\n\t\t\t\t<div class=\"elementor-element elementor-element-9031882 elementor-widget elementor-widget-image\" data-id=\"9031882\" data-element_type=\"widget\" data-e-type=\"widget\" data-widget_type=\"image.default\">\n\t\t\t\t\t\t\t\t\t\t\t\t\t\t\t<img decoding=\"async\" width=\"2560\" height=\"2560\" src=\"https:\/\/smartwebbaltic.se\/wp-content\/uploads\/2025\/11\/SMARTWOOD-1-scaled.jpg\" class=\"attachment-full size-full wp-image-2825\" alt=\"it pakalpojumi\" srcset=\"https:\/\/smartwebbaltic.se\/wp-content\/uploads\/2025\/11\/SMARTWOOD-1-scaled.jpg 2560w, https:\/\/smartwebbaltic.se\/wp-content\/uploads\/2025\/11\/SMARTWOOD-1-scaled-e1762161008551-300x300.jpg 300w, https:\/\/smartwebbaltic.se\/wp-content\/uploads\/2025\/11\/SMARTWOOD-1-scaled-e1762161008551-1024x1024.jpg 1024w, https:\/\/smartwebbaltic.se\/wp-content\/uploads\/2025\/11\/SMARTWOOD-1-scaled-e1762161008551-150x150.jpg 150w, https:\/\/smartwebbaltic.se\/wp-content\/uploads\/2025\/11\/SMARTWOOD-1-scaled-e1762161008551-768x768.jpg 768w, https:\/\/smartwebbaltic.se\/wp-content\/uploads\/2025\/11\/SMARTWOOD-1-scaled-e1762161008551-1536x1536.jpg 1536w, https:\/\/smartwebbaltic.se\/wp-content\/uploads\/2025\/11\/SMARTWOOD-1-scaled-e1762161008551-2048x2048.jpg 2048w\" sizes=\"(max-width: 2560px) 100vw, 2560px\" title=\"\">\t\t\t\t\t\t\t\t\t\t\t\t\t\t\t<\/div>\n\t\t\t\t<\/div>\n\t\t<div class=\"elementor-element elementor-element-fe64171 e-con-full animated-slow e-flex elementor-invisible e-con e-child\" data-id=\"fe64171\" data-element_type=\"container\" data-e-type=\"container\" data-settings=\"{&quot;animation&quot;:&quot;fadeIn&quot;}\">\n\t\t\t\t<div class=\"elementor-element elementor-element-8fa2abb elementor-widget elementor-widget-heading\" data-id=\"8fa2abb\" data-element_type=\"widget\" data-e-type=\"widget\" data-widget_type=\"heading.default\">\n\t\t\t\t\t<h2 class=\"elementor-heading-title elementor-size-default\">\u0422\u0430\u0431\u043b\u0438\u0446\u0430 \u0432\u043e\u043f\u0440\u043e\u0441\u043e\u0432 \u0438 \u043e\u0442\u0432\u0435\u0442\u043e\u0432<\/h2>\t\t\t\t<\/div>\n\t\t\t\t<div class=\"elementor-element elementor-element-000db70 elementor-widget elementor-widget-text-editor\" data-id=\"000db70\" data-element_type=\"widget\" data-e-type=\"widget\" data-widget_type=\"text-editor.default\">\n\t\t\t\t\t\t\t\t\t<p>\u0412\u044b \u0441\u043c\u043e\u0436\u0435\u0442\u0435 \u0434\u043e\u0431\u0430\u0432\u043b\u044f\u0442\u044c, \u0438\u0441\u043f\u0440\u0430\u0432\u043b\u044f\u0442\u044c \u0438\u043b\u0438 \u0443\u0434\u0430\u043b\u044f\u0442\u044c \u043e\u0442\u0432\u0435\u0442\u044b \u043d\u0430 \u0432\u043e\u043f\u0440\u043e\u0441\u044b \u0432 \u0441\u0432\u043e\u0435\u043c \u0447\u0430\u0442\u0431\u043e\u0442\u0435. \u0412\u0441\u0435 \u043e\u0447\u0435\u043d\u044c \u043f\u0440\u043e\u0441\u0442\u043e, \u043d\u0438\u043a\u0430\u043a\u0438\u0445 \u0434\u043e\u043f\u043e\u043b\u043d\u0438\u0442\u0435\u043b\u044c\u043d\u044b\u0445 \u0437\u043d\u0430\u043d\u0438\u0439 \u0432 \u043e\u0431\u043b\u0430\u0441\u0442\u0438 \u0418\u0422, \u043f\u0440\u043e\u0441\u0442\u043e \u0437\u0430\u043f\u0438\u0441\u044b\u0432\u0430\u0439\u0442\u0435 \u0438 \u0441\u043e\u0445\u0440\u0430\u043d\u044f\u0439\u0442\u0435. \u0412\u044b \u0442\u0430\u043a\u0436\u0435 \u043c\u043e\u0436\u0435\u0442\u0435 \u0437\u0430\u0433\u0440\u0443\u0437\u0438\u0442\u044c \u0432\u0441\u0435 \u0432 CSV-\u0444\u0430\u0439\u043b \u0434\u043b\u044f \u0443\u0434\u043e\u0431\u043d\u043e\u0433\u043e \u043f\u0440\u043e\u0441\u043c\u043e\u0442\u0440\u0430, \u0430 \u0442\u0430\u043a\u0436\u0435 \u0434\u043e\u0431\u0430\u0432\u0438\u0442\u044c \u0438 \u043e\u0442\u043f\u0440\u0430\u0432\u0438\u0442\u044c \u0434\u0440\u0443\u0433\u0438\u043c.\u00a0<\/p>\t\t\t\t\t\t\t\t<\/div>\n\t\t\t\t<\/div>\n\t\t\t\t<\/div>\n\t\t<div class=\"elementor-element elementor-element-849d010 e-con-full e-flex e-con e-parent\" data-id=\"849d010\" data-element_type=\"container\" data-e-type=\"container\">\n\t\t<div class=\"elementor-element elementor-element-169aee4 e-con-full animated-slow e-flex elementor-invisible e-con e-child\" data-id=\"169aee4\" data-element_type=\"container\" data-e-type=\"container\" data-settings=\"{&quot;animation&quot;:&quot;fadeIn&quot;,&quot;animation_delay&quot;:200}\">\n\t\t\t\t<div class=\"elementor-element elementor-element-2468e4d elementor-widget elementor-widget-image\" data-id=\"2468e4d\" data-element_type=\"widget\" data-e-type=\"widget\" data-widget_type=\"image.default\">\n\t\t\t\t\t\t\t\t\t\t\t\t\t\t\t<img decoding=\"async\" width=\"1263\" height=\"1080\" src=\"https:\/\/smartwebbaltic.se\/wp-content\/uploads\/2025\/11\/SMARTY4-e1762160926367.png\" class=\"attachment-full size-full wp-image-2787\" alt=\"it pakalpojumi\" srcset=\"https:\/\/smartwebbaltic.se\/wp-content\/uploads\/2025\/11\/SMARTY4-e1762160926367.png 1263w, https:\/\/smartwebbaltic.se\/wp-content\/uploads\/2025\/11\/SMARTY4-e1762160926367-300x257.png 300w, https:\/\/smartwebbaltic.se\/wp-content\/uploads\/2025\/11\/SMARTY4-e1762160926367-1024x876.png 1024w, https:\/\/smartwebbaltic.se\/wp-content\/uploads\/2025\/11\/SMARTY4-e1762160926367-768x657.png 768w\" sizes=\"(max-width: 1263px) 100vw, 1263px\" title=\"\">\t\t\t\t\t\t\t\t\t\t\t\t\t\t\t<\/div>\n\t\t\t\t<\/div>\n\t\t<div class=\"elementor-element elementor-element-27016a8 e-con-full animated-slow e-flex elementor-invisible e-con e-child\" data-id=\"27016a8\" data-element_type=\"container\" data-e-type=\"container\" data-settings=\"{&quot;animation&quot;:&quot;fadeIn&quot;}\">\n\t\t\t\t<div class=\"elementor-element elementor-element-d456e1f elementor-widget elementor-widget-heading\" data-id=\"d456e1f\" data-element_type=\"widget\" data-e-type=\"widget\" data-widget_type=\"heading.default\">\n\t\t\t\t\t<h2 class=\"elementor-heading-title elementor-size-default\">\u0418\u043d\u0434\u0435\u043a\u0441\u0430\u0446\u0438\u044f \u0441\u0430\u0439\u0442\u0430<\/h2>\t\t\t\t<\/div>\n\t\t\t\t<div class=\"elementor-element elementor-element-68f2eeb elementor-widget elementor-widget-text-editor\" data-id=\"68f2eeb\" data-element_type=\"widget\" data-e-type=\"widget\" data-widget_type=\"text-editor.default\">\n\t\t\t\t\t\t\t\t\t<p>\u041a\u043e\u043d\u0442\u0435\u043d\u0442 \u0432\u0430\u0448\u0435\u0433\u043e \u0441\u0430\u0439\u0442\u0430 \u0435\u0436\u0435\u0434\u043d\u0435\u0432\u043d\u043e \u0437\u0430\u0433\u0440\u0443\u0436\u0430\u0435\u0442\u0441\u044f \u0432 \u0438\u043d\u0441\u0442\u0440\u0443\u043c\u0435\u043d\u0442 Smarty MI. \u0418\u043d\u0441\u0442\u0440\u0443\u043c\u0435\u043d\u0442 MI \u0438\u0441\u043f\u043e\u043b\u044c\u0437\u0443\u0435\u0442 \u0437\u0430\u0433\u0440\u0443\u0436\u0435\u043d\u043d\u044b\u0439 \u043a\u043e\u043d\u0442\u0435\u043d\u0442 \u0434\u043b\u044f \u043e\u0442\u0432\u0435\u0442\u043e\u0432 \u043d\u0430 \u0432\u043e\u043f\u0440\u043e\u0441\u044b \u0442\u0440\u0435\u043a\u0435\u0440\u043e\u0432 \u0432\u0430\u0448\u0435\u0433\u043e \u0441\u0430\u0439\u0442\u0430, \u0435\u0441\u043b\u0438 \u043d\u0430 \u043d\u0438\u0445 \u043d\u0435\u0442 \u0441\u043e\u043e\u0442\u0432\u0435\u0442\u0441\u0442\u0432\u0443\u044e\u0449\u0435\u0433\u043e \u043e\u0442\u0432\u0435\u0442\u0430. \u0412\u0430\u0436\u043d\u043e - \u0441\u043e\u0434\u0435\u0440\u0436\u0430\u043d\u0438\u0435 \u0432\u0430\u0448\u0435\u0433\u043e \u0441\u0430\u0439\u0442\u0430 \u0434\u043e\u043b\u0436\u043d\u043e \u0431\u044b\u0442\u044c \u043a\u0430\u0447\u0435\u0441\u0442\u0432\u0435\u043d\u043d\u044b\u043c \u0438 \u0441\u043e\u043e\u0442\u0432\u0435\u0442\u0441\u0442\u0432\u043e\u0432\u0430\u0442\u044c \u0438\u043d\u0444\u043e\u0440\u043c\u0430\u0446\u0438\u0438, \u043a\u043e\u0442\u043e\u0440\u0443\u044e \u043e\u0431\u044b\u0447\u043d\u043e \u0438\u0449\u0443\u0442 \u0432\u0430\u0448\u0438 \u043f\u043e\u0441\u0435\u0442\u0438\u0442\u0435\u043b\u0438.<\/p>\t\t\t\t\t\t\t\t<\/div>\n\t\t\t\t<\/div>\n\t\t\t\t<\/div>\n\t\t<div class=\"elementor-element elementor-element-9a97431 animated-slow e-flex e-con-boxed elementor-invisible e-con e-parent\" data-id=\"9a97431\" data-element_type=\"container\" data-e-type=\"container\" data-settings=\"{&quot;background_background&quot;:&quot;classic&quot;,&quot;animation&quot;:&quot;swing&quot;}\">\n\t\t\t\t\t<div class=\"e-con-inner\">\n\t\t<div class=\"elementor-element elementor-element-7180ae7 e-con-full e-flex e-con e-child\" data-id=\"7180ae7\" data-element_type=\"container\" data-e-type=\"container\">\n\t\t\t\t<div class=\"elementor-element elementor-element-5e52211 elementor-widget elementor-widget-html\" data-id=\"5e52211\" data-element_type=\"widget\" data-e-type=\"widget\" data-widget_type=\"html.default\">\n\t\t\t\t\t<style>\n\n\n\n.cenas-konteiners {\n  display: flex;\n  justify-content: center; \n  align-items: stretch; \n  flex-wrap: wrap;\n  gap: 2rem;\n  padding: 20px 0;\n  font-family: -apple-system, BlinkMacSystemFont, \"Segoe UI\", Roboto, Helvetica, Arial, sans-serif;\n}\n\n\n.cenas-plans {\n  flex: 1; \n  min-width: 280px; \n  max-width: 350px;\n  background-color: #fff;\n  border: 1px solid #e0e0e0;\n  border-radius: 12px;\n  padding: 2.5rem;\n  text-align: center;\n  display: flex;\n  flex-direction: column; \n  transition: transform 0.3s, box-shadow 0.3s;\n}\n\n.cenas-plans:hover {\n  transform: translateY(-5px);\n  box-shadow: 0 10px 20px rgba(0, 0, 0, 0.08);\n}\n\n\n.cenas-plans.izcelts {\n  border: 2px solid #000000; \n}\n\n.cenas-plans h3 {\n  font-size: 1.5rem;\n  font-weight: 600;\n  margin-top: 0;\n  margin-bottom: 1.5rem;\n  color: #333;\n}\n\n.cenas-info {\n  margin-bottom: 2rem;\n}\n\n.cenas-info .cena {\n  font-size: 3.5rem;\n  font-weight: 700;\n  color: #111;\n  line-height: 1;\n}\n\n.cenas-info .cena .valuta {\n  font-size: 1.8rem;\n  vertical-align: super;\n  margin-right: 4px;\n}\n\n.cenas-info .cena .periods {\n  font-size: 1rem;\n  font-weight: 400;\n  color: #777;\n}\n\n.atlaides-info {\n  margin-top: 0.5rem;\n  font-size: 0.9rem;\n  color: #555;\n}\n\n.atlaides-info .veca-cena {\n  text-decoration: line-through;\n  margin-right: 8px;\n}\n\n.atlaides-info .atlaide {\n  background-color: #d1fae5; \n  color: #067647;\n  padding: 4px 10px;\n  border-radius: 15px;\n  font-weight: 500;\n}\n\n.funkciju-saraksts {\n  list-style: none;\n  padding: 0;\n  margin: 0 0 2rem 0;\n  text-align: left;\n  flex-grow: 1; \n}\n\n.funkciju-saraksts li {\n  margin-bottom: 1rem;\n  display: flex;\n  align-items: center;\n}\n\n.funkciju-saraksts .keksitis {\n  color: #10B981; \n  font-size: 1.2rem;\n  margin-right: 0.8rem;\n}\n\n.poga {\n  display: inline-block;\n  padding: 1rem 1.5rem;\n  border-radius: 8px;\n  text-decoration: none;\n  font-weight: 600;\n  font-size: 1rem;\n  transition: background-color 0.3s, color 0.3s, border-color 0.3s;\n  border: 2px solid #fff;\n}\n\n\n.poga.standarta {\n  background-color: #CAB8A2;\n  color: #fff;\n}\n\n.poga.standarta:hover {\n  background-color: #CAB8A2;\n}\n\n\n.poga.izcelta {\n  background-color: #000000;\n  color: #fff;\n}\n\n.poga.izcelta:hover {\n  background-color: #CAB8A2;\n  border-color: #CAB8A2;\n}\n<\/style>\n\n<div class=\"cenas-konteiners\">\n\n  <div class=\"cenas-plans\">\n    <h3>\u041d\u0430\u0447\u0430\u043b\u043e<\/h3>\n    <div class=\"cenas-info\">\n      <div class=\"cena\">\n        <span class=\"valuta\">\u20ac<\/span>0<span class=\"periods\">.00 \/\u043c\u0435\u0441\u044f\u0446<\/span>\n      <\/div>\n    <\/div>\n    <ul class=\"funkciju-saraksts\">\n      <li><span class=\"keksitis\">\u2714<\/span> \u0418\u0441\u0442\u043e\u0440\u0438\u044f \u0447\u0430\u0442\u0430 <\/li>\n      <li><span class=\"keksitis\">\u2714<\/span> \u0422\u0430\u0431\u043b\u0438\u0446\u0430 Q\/Atb<\/li>\n      <li><span class=\"keksitis\">\u2714<\/span>\u0418\u043d\u0434\u0435\u043a\u0441\u0430\u0446\u0438\u044f \u0441\u0442\u0440\u0430\u043d\u0438\u0446<\/li>\n      <li><span class=\"keksitis\">\u2714<\/span>\u0422\u0435\u0445\u043d\u0438\u0447\u0435\u0441\u043a\u0430\u044f \u043f\u043e\u0434\u0434\u0435\u0440\u0436\u043a\u0430<\/li><li><span class=\"keksitis\">\u2714<\/span>\u0422\u0435\u0445\u043d\u0438\u0447\u0435\u0441\u043a\u0430\u044f \u043f\u043e\u0434\u0434\u0435\u0440\u0436\u043a\u0430<\/li><li><span class=\"keksitis\">\u2714<\/span>20 \u043c\u0438\u043b\u043b\u0438\u043e\u043d\u043e\u0432 \u0442\u043e\u043a\u0435\u043d\u043e\u0432 \u0432 \u043c\u0435\u0441\u044f\u0446<\/li>\n      <li><span class=\"keksitis\">\u2714<\/span>\u0427\u0430\u0442 \u043c\u043e\u0434\u0435\u043b\u0438 GPT<\/li>\n       <li><span class=\"keksitis\">\u2714<\/span>*\u041f\u0440\u043e\u0431\u043d\u044b\u0439 \u043f\u0435\u0440\u0438\u043e\u0434 \u0432 \u0442\u0435\u0447\u0435\u043d\u0438\u0435 30 \u0434\u043d\u0435\u0439, \u0437\u0430\u0442\u0435\u043c \u043f\u043b\u0430\u0442\u043d\u044b\u0435 \u0442\u0430\u0440\u0438\u0444\u044b<\/li>\n      \n    <\/ul>\n    <a href=\"\/ru\/%d0%ba%d0%be%d0%bd%d1%82%d0%b0%d0%ba%d1%82%d1%8b\/\" class=\"poga standarta\">\u0412\u044b\u0431\u0435\u0440\u0438\u0442\u0435<\/a>\n  <\/div>\n\n  <div class=\"cenas-plans izcelts\">\n    <h3>\u041f\u043e\u0434\u043f\u0438\u0441\u0447\u0438\u043a<\/h3>\n    <div class=\"cenas-info\">\n      <div class=\"cena\">\n        <span class=\"valuta\">\u20ac<\/span>19<span class=\"periods\">.99 \/\u043c\u0435\u0441\u044f\u0446<\/span>\n      <\/div>\n      <div class=\"atlaides-info\">\n        <span class=\"veca-cena\">\u20ac39.98<\/span>\n        <span class=\"atlaide\">Ietaupi 50%<\/span>\n      <\/div>\n    <\/div>\n    <ul class=\"funkciju-saraksts\">\n       <li><span class=\"keksitis\">\u2714<\/span> \u0418\u0441\u0442\u043e\u0440\u0438\u044f \u0447\u0430\u0442\u0430 <\/li>\n      <li><span class=\"keksitis\">\u2714<\/span> \u0422\u0430\u0431\u043b\u0438\u0446\u0430 Q\/Atb<\/li>\n      <li><span class=\"keksitis\">\u2714<\/span>\u0418\u043d\u0434\u0435\u043a\u0441\u0430\u0446\u0438\u044f \u0441\u0442\u0440\u0430\u043d\u0438\u0446<\/li>\n      <li><span class=\"keksitis\">\u2714<\/span>\u0422\u0435\u0445\u043d\u0438\u0447\u0435\u0441\u043a\u0430\u044f \u043f\u043e\u0434\u0434\u0435\u0440\u0436\u043a\u0430<\/li><li><span class=\"keksitis\">\u2714<\/span>20 \u043c\u0438\u043b\u043b\u0438\u043e\u043d\u043e\u0432 \u0442\u043e\u043a\u0435\u043d\u043e\u0432 \u0432 \u043c\u0435\u0441\u044f\u0446<\/li>\n      <li><span class=\"keksitis\">\u2714<\/span>\u0427\u0430\u0442 \u043c\u043e\u0434\u0435\u043b\u0438 GPT<\/li><li><span class=\"keksitis\">\u2714<\/span>\u0412\u043e\u0437\u043c\u043e\u0436\u043d\u043e\u0441\u0442\u044c \u043f\u043e\u043a\u0443\u043f\u043a\u0438 \u0434\u043e\u043f\u043e\u043b\u043d\u0438\u0442\u0435\u043b\u044c\u043d\u044b\u0445 \u0442\u043e\u043a\u0435\u043d\u043e\u0432<\/li>\n    <\/ul>\n<a href=\"\/ru\/%d0%bf%d0%be%d0%bb%d1%83%d1%87%d0%b8%d1%82%d1%8c-%d1%81%d1%87%d0%b5%d1%82\/?plan=Abonents&price=19.99&period=m\u0113nes\u012b\" class=\"poga izcelta\">\u0412\u044b\u0431\u0435\u0440\u0438\u0442\u0435<\/a>\n  <\/div>\n  <div class=\"cenas-plans izcelts\">\n    <h3>\u041f\u043e\u0434\u043f\u0438\u0441\u0447\u0438\u043a PRO<\/h3>\n    <div class=\"cenas-info\">\n      <div class=\"cena\">\n        <span class=\"valuta\">\u20ac<\/span>199<span class=\"periods\">.10 \/\u0433\u043e\u0434 <\/span>\n      <\/div>\n      <div class=\"atlaides-info\">\n        <span class=\"veca-cena\">\u20ac239.88<\/span>\n        <span class=\"atlaide\">Ietaupi 17%<\/span>\n      <\/div>\n    <\/div>\n    <ul class=\"funkciju-saraksts\">\n       <li><span class=\"keksitis\">\u2714<\/span> \u0418\u0441\u0442\u043e\u0440\u0438\u044f \u0447\u0430\u0442\u0430 <\/li>\n      <li><span class=\"keksitis\">\u2714<\/span> \u0422\u0430\u0431\u043b\u0438\u0446\u0430 Q\/Atb<\/li>\n      <li><span class=\"keksitis\">\u2714<\/span>\u0418\u043d\u0434\u0435\u043a\u0441\u0430\u0446\u0438\u044f \u0441\u0442\u0440\u0430\u043d\u0438\u0446<\/li>\n      <li><span class=\"keksitis\">\u2714<\/span>\u0422\u0435\u0445\u043d\u0438\u0447\u0435\u0441\u043a\u0430\u044f \u043f\u043e\u0434\u0434\u0435\u0440\u0436\u043a\u0430<\/li>\n      <\/li><li><span class=\"keksitis\">\u2714<\/span>20 \u043c\u0438\u043b\u043b\u0438\u043e\u043d\u043e\u0432 \u0442\u043e\u043a\u0435\u043d\u043e\u0432 \u0432 \u043c\u0435\u0441\u044f\u0446<\/li>\n      <\/li><li><span class=\"keksitis\">\u2714<\/span>\u0427\u0430\u0442 \u043c\u043e\u0434\u0435\u043b\u0438 GPT<\/li><li><span class=\"keksitis\">\u2714<\/span>\u0412\u043e\u0437\u043c\u043e\u0436\u043d\u043e\u0441\u0442\u044c \u043f\u043e\u043a\u0443\u043f\u043a\u0438 \u0434\u043e\u043f\u043e\u043b\u043d\u0438\u0442\u0435\u043b\u044c\u043d\u044b\u0445 \u0442\u043e\u043a\u0435\u043d\u043e\u0432<\/li>\n    <\/ul>\n<a href=\"\/ru\/%d0%bf%d0%be%d0%bb%d1%83%d1%87%d0%b8%d1%82%d1%8c-%d1%81%d1%87%d0%b5%d1%82\/?plan=Abonents PRO&price=199.10&period=gad\u0101\" class=\"poga izcelta\">\u0412\u044b\u0431\u0435\u0440\u0438\u0442\u0435<\/a>\n  <\/div>\n\n<\/div>\t\t\t\t<\/div>\n\t\t\t\t<\/div>\n\t\t\t\t\t<\/div>\n\t\t\t\t<\/div>\n\t\t\t\t<\/div>","protected":false},"excerpt":{"rendered":"<p>SMARTY MI SMARTWEB izstr\u0101d\u0101ts m\u0101ksl\u012bg\u0101 intelekta r\u012bks tavam uz\u0146\u0113mumam. \u013boti viegli lietojams un iestr\u0101d\u0101jams jebkur\u0101 interneta vietnes platform\u0101. AI \u010datbots Sarakstes v\u0113stures Tev b\u016bs iesp\u0113jams apl\u016bkto un mekl\u0113t sarakstes v\u0113sturi, ko Tavi lapas apmekl\u0113t\u0101ji ir run\u0101ju\u0161i ar tavu MI r\u012bku. Ar v\u0113stures pal\u012bdz\u012bbu var\u0113si saprast, kas tie\u0161i interes\u0113 Taviem apmekl\u0113t\u0101jiem un ja redz\u0113si, ka tav\u0101 [&hellip;]<\/p>\n","protected":false},"author":1,"featured_media":2043,"parent":0,"menu_order":0,"comment_status":"closed","ping_status":"closed","template":"elementor_header_footer","meta":{"footnotes":""},"class_list":["post-1022","page","type-page","status-publish","has-post-thumbnail","hentry"],"_links":{"self":[{"href":"https:\/\/smartweb.lv\/ru\/wp-json\/wp\/v2\/pages\/1022","targetHints":{"allow":["GET"]}}],"collection":[{"href":"https:\/\/smartweb.lv\/ru\/wp-json\/wp\/v2\/pages"}],"about":[{"href":"https:\/\/smartweb.lv\/ru\/wp-json\/wp\/v2\/types\/page"}],"author":[{"embeddable":true,"href":"https:\/\/smartweb.lv\/ru\/wp-json\/wp\/v2\/users\/1"}],"replies":[{"embeddable":true,"href":"https:\/\/smartweb.lv\/ru\/wp-json\/wp\/v2\/comments?post=1022"}],"version-history":[{"count":0,"href":"https:\/\/smartweb.lv\/ru\/wp-json\/wp\/v2\/pages\/1022\/revisions"}],"wp:featuredmedia":[{"embeddable":true,"href":"https:\/\/smartweb.lv\/ru\/wp-json\/wp\/v2\/media\/2043"}],"wp:attachment":[{"href":"https:\/\/smartweb.lv\/ru\/wp-json\/wp\/v2\/media?parent=1022"}],"curies":[{"name":"wp","href":"https:\/\/api.w.org\/{rel}","templated":true}]}}