{"id":2078,"date":"2024-12-09T15:15:18","date_gmt":"2024-12-09T15:15:18","guid":{"rendered":"https:\/\/smartweb.lv\/?page_id=2078"},"modified":"2026-04-08T08:27:53","modified_gmt":"2026-04-08T08:27:53","slug":"personvernerklaering","status":"publish","type":"page","link":"https:\/\/smartweb.lv\/nb\/privatuma-politika\/","title":{"rendered":"RETNINGSLINJER FOR PERSONVERN"},"content":{"rendered":"<div data-elementor-type=\"wp-page\" data-elementor-id=\"2078\" class=\"elementor elementor-2078\" data-elementor-post-type=\"page\">\n\t\t\t\t<div class=\"elementor-element elementor-element-226f23f e-flex e-con-boxed e-con e-parent\" data-id=\"226f23f\" data-element_type=\"container\" data-e-type=\"container\">\n\t\t\t\t\t<div class=\"e-con-inner\">\n\t\t<div class=\"elementor-element elementor-element-c670144 e-con-full e-flex e-con e-child\" data-id=\"c670144\" data-element_type=\"container\" data-e-type=\"container\">\n\t\t\t\t<div class=\"elementor-element elementor-element-a6a5134 elementor-widget elementor-widget-heading\" data-id=\"a6a5134\" data-element_type=\"widget\" data-e-type=\"widget\" data-widget_type=\"heading.default\">\n\t\t\t\t\t<h1 class=\"elementor-heading-title elementor-size-default\">Personvernerkl\u00e6ring for www.smartweb.lv<\/h1>\t\t\t\t<\/div>\n\t\t\t\t<div class=\"elementor-element elementor-element-a74d3ed elementor-widget elementor-widget-text-editor\" data-id=\"a74d3ed\" data-element_type=\"widget\" data-e-type=\"widget\" data-widget_type=\"text-editor.default\">\n\t\t\t\t\t\t\t\t\t<p><strong>Ikrafttredelse: 09.12.2024.<\/strong><\/p><p>SMARTWEB (\u201cvi\u201d, \u201cv\u00e5r\u201d, \u201coss\u201d) er forpliktet til \u00e5 beskytte og respektere personvernet ditt. Denne personvernerkl\u00e6ringen forklarer hvordan vi samler inn, bruker og deler dine personopplysninger n\u00e5r du bes\u00f8ker nettstedet v\u00e5rt <strong><a target=\"_new\" rel=\"noopener\">www.smartweb.lv<\/a><\/strong> og samhandle med tjenestene v\u00e5re. Disse retningslinjene er i samsvar med EUs personvernforordning (GDPR) og latvisk personvernlovgivning.<\/p><h4>1. <strong>Behandlingsansvarlig<\/strong><\/h4><p>SMARTWEB er behandlingsansvarlig for behandlingen av dine personopplysninger. V\u00e5re kontaktopplysninger:<\/p><p><strong>SMARTWEB BALTIC O\u00dc<br \/><\/strong>E-post: info@smartweb.lv<br \/>Telefon: +371 29228705<br \/>Sete: Pae tn 80, Lasnam\u00e4e linnaosa, 13620 Tallinn, Harju maakond, Eesti<br \/>Faktisk adresse: 6 M\u0101lpils Street, Sigulda, Latvia, LV-2150<\/p><h4>2. <strong>Informasjon vi samler inn<\/strong><\/h4><p>Vi samler inn f\u00f8lgende typer data:<\/p><ul><li><strong>Personlig identifiserbar informasjon<\/strong>Navn, e-postadresse, telefonnummer, firmanavn og andre opplysninger du oppgir n\u00e5r du registrerer deg, abonnerer p\u00e5 tjenestene v\u00e5re eller kontakter oss.<\/li><li><strong>Ikke-personlig identifiserbar informasjon<\/strong>: data om enheten din, nettlesertype, IP-adresse og bruksdata knyttet til bes\u00f8ket ditt p\u00e5 nettstedet v\u00e5rt.<\/li><\/ul><h4>3. <strong>Juridisk grunnlag for behandling av personopplysninger<\/strong><\/h4><p>Vi behandler personopplysninger p\u00e5 f\u00f8lgende rettslige grunnlag:<\/p><ul><li><strong>\u00c5pnet p\u00e5<\/strong>der du gir ditt samtykke (for eksempel ved \u00e5 abonnere p\u00e5 nyhetsbrevet v\u00e5rt eller kontakte v\u00e5r supporttjeneste).<\/li><li><strong>Gjennomf\u00f8ring av kontrakten<\/strong>for \u00e5 oppfylle en kontrakt eller avtale du har inng\u00e5tt med oss (for eksempel levering av v\u00e5re tjenester).<\/li><li><strong>Legitime interesser<\/strong>: for \u00e5 forbedre nettstedet v\u00e5rt, s\u00f8rge for sikkerhet og kommunisere med kundene v\u00e5re.<\/li><li><strong>Juridiske forpliktelser<\/strong>der behandlingen er n\u00f8dvendig for \u00e5 oppfylle en rettslig forpliktelse (f.eks. for skatte- eller regnskapsform\u00e5l).<\/li><\/ul><h4>4. <strong>Hvordan vi bruker opplysningene dine<\/strong><\/h4><p>Vi bruker informasjonen vi samler inn til f\u00f8lgende aktiviteter:<\/p><ul><li>For \u00e5 tilby, vedlikeholde og forbedre nettstedet og tjenestene v\u00e5re.<\/li><li>For \u00e5 svare p\u00e5 sp\u00f8rsm\u00e5l, kommentarer eller supportforesp\u00f8rsler.<\/li><li>For \u00e5 sende deg nyheter, oppdateringer eller markedsf\u00f8ringsmateriale (kun med ditt samtykke).<\/li><li>For \u00e5 overv\u00e5ke og analysere trender, forbedre nettstedet v\u00e5rt og s\u00f8rge for sikkerheten.<\/li><\/ul><h4>5. <strong>Informasjonskapsler og sporingsteknologi<\/strong><\/h4><p>Vi bruker informasjonskapsler og lignende teknologier for \u00e5 forbedre opplevelsen din, analysere trafikken p\u00e5 nettstedet, spore brukeratferd og forbedre nettstedets funksjonalitet. Du kan administrere informasjonskapsler via innstillingene i nettleseren din. Du finner mer detaljert informasjon om informasjonskapsler i v\u00e5re retningslinjer for informasjonskapsler.<\/p><h4>6. <strong>Deling og overf\u00f8ring av data<\/strong><\/h4><p>Vi selger, overf\u00f8rer eller leier ikke ut personopplysningene dine til tredjeparter. Vi kan imidlertid dele opplysningene dine med betrodde tredjeparts tjenesteleverand\u00f8rer som hjelper oss med \u00e5 drive virksomheten v\u00e5r og levere tjenester (f.eks. gjestehosting, betalingsbehandling, e-posttjenester).<\/p><p>N\u00e5r vi overf\u00f8rer personopplysninger utenfor Det europeiske \u00f8konomiske samarbeidsomr\u00e5det (E\u00d8S), s\u00f8rger vi for at det er iverksatt egnede sikkerhetstiltak for \u00e5 beskytte opplysningene dine i samsvar med personvernforordningen.<\/p><h4>7. <strong>Lagring av data<\/strong><\/h4><p>Vi oppbevarer personopplysningene dine bare s\u00e5 lenge det er n\u00f8dvendig for \u00e5 oppfylle de form\u00e5lene som er beskrevet i denne personvernerkl\u00e6ringen, inkludert for juridiske eller regnskapsmessige form\u00e5l. Hvis du \u00f8nsker at vi skal slette opplysningene dine, kan du kontakte oss, og vi vil etterkomme foresp\u00f8rselen din der det er mulig.<\/p><h4>8. <strong>Dine rettigheter<\/strong><\/h4><p>I henhold til personvernforordningen har du f\u00f8lgende rettigheter:<\/p><ul><li><strong>Rett til innsyn<\/strong>Du har rett til \u00e5 be om innsyn i personopplysningene dine og til \u00e5 motta informasjon om behandlingen av personopplysningene dine.<\/li><li><strong>Rett til korrigering<\/strong>: du kan be om at un\u00f8yaktige eller ufullstendige opplysninger blir rettet.<\/li><li><strong>Rett til sletting<\/strong>Du kan be om at personopplysningene dine slettes hvis de ikke lenger er n\u00f8dvendige for de form\u00e5lene de ble samlet inn for.<\/li><li><strong>Rett til \u00e5 begrense behandlingen<\/strong>: Du kan be om begrensning av databehandling i visse tilfeller.<\/li><li><strong>Rett til dataportabilitet<\/strong>: du kan be om overf\u00f8ring av personopplysningene dine til en annen behandlingsansvarlig i et strukturert, vanlig format.<\/li><li><strong>Rett til \u00e5 protestere<\/strong>Du har rett til \u00e5 protestere mot behandling av personopplysninger i visse tilfeller.<\/li><li><strong>Rett til \u00e5 trekke tilbake samtykke<\/strong>: N\u00e5r behandlingen er basert p\u00e5 samtykke, har du rett til \u00e5 trekke det tilbake n\u00e5r som helst.<\/li><\/ul><p>For \u00e5 ut\u00f8ve denne retten, vennligst kontakt oss p\u00e5 info@smartweb.lv.<\/p><h4>9. <strong>Datasikkerhet<\/strong><\/h4><p>Vi iverksetter egnede tekniske og organisatoriske tiltak for \u00e5 beskytte personopplysningene dine mot uautorisert tilgang, endring eller \u00f8deleggelse. Ingen dataoverf\u00f8ring over Internett er imidlertid helt sikker, og vi kan ikke garantere fullstendig sikkerhet for opplysningene dine.<\/p><h4>10. <strong>Relaterte tredjepartslenker<\/strong><\/h4><p>Nettstedet v\u00e5rt kan inneholde lenker til tredjeparts nettsteder. Vi er ikke ansvarlige for personvernerkl\u00e6ringene eller innholdet p\u00e5 disse nettstedene. Vi oppfordrer deg til \u00e5 lese personvernerkl\u00e6ringene til disse tredjepartsnettstedene.<\/p><h4>11. <strong>Endringer i denne personvernerkl\u00e6ringen<\/strong><\/h4><p>Vi kan oppdatere denne personvernerkl\u00e6ringen fra tid til annen for \u00e5 gjenspeile endringer i v\u00e5r praksis eller juridiske krav. Hvis det gj\u00f8res endringer, vil de bli lagt ut p\u00e5 denne siden, og \u201cIkrafttredelsesdato\u201d vil bli oppdatert.<\/p><h4>12. <strong>Kontakt oss<\/strong><\/h4><p>Hvis du har sp\u00f8rsm\u00e5l om denne personvernerkl\u00e6ringen, kan du kontakte oss:<\/p><p><strong>SMARTWEB BALTIC O\u00dc<br \/><\/strong>E-post: info@smartweb.lv<br \/>Telefon: +371 29228705<br \/>Sete: Pae tn 80, Lasnam\u00e4e linnaosa, 13620 Tallinn, Harju maakond, Eesti<br \/>Faktisk adresse: 6 M\u0101lpils Street, Sigulda, Latvia, LV-2150<\/p>\t\t\t\t\t\t\t\t<\/div>\n\t\t\t\t<\/div>\n\t\t\t\t\t<\/div>\n\t\t\t\t<\/div>\n\t\t\t\t<\/div>","protected":false},"excerpt":{"rendered":"<p>Priv\u0101tuma politika vietnei www.smartweb.lv St\u0101jas sp\u0113k\u0101: 09.12.2024. SMARTWEB (&#8220;m\u0113s&#8221;, &#8220;m\u016bsu&#8221;, &#8220;m\u016bs&#8221;) ir ap\u0146\u0113musies aizsarg\u0101t un cien\u012bt j\u016bsu priv\u0101tumu. \u0160\u012b Priv\u0101tuma politika izskaidro, k\u0101 m\u0113s v\u0101cam, izmantojam un kop\u012bgojam j\u016bsu personas datus, kad apmekl\u0113jat m\u016bsu m\u0101jaslapu www.smartweb.lv un mijiedarbojaties ar m\u016bsu pakalpojumiem. \u0160\u012b politika ir atbilsto\u0161a Eiropas Savien\u012bbas Visp\u0101r\u012bgajam datu aizsardz\u012bbas regul\u0113jumam (GDPR) un Latvijas datu [&hellip;]<\/p>\n","protected":false},"author":1,"featured_media":2043,"parent":0,"menu_order":0,"comment_status":"closed","ping_status":"closed","template":"","meta":{"footnotes":""},"class_list":["post-2078","page","type-page","status-publish","has-post-thumbnail","hentry"],"_links":{"self":[{"href":"https:\/\/smartweb.lv\/nb\/wp-json\/wp\/v2\/pages\/2078","targetHints":{"allow":["GET"]}}],"collection":[{"href":"https:\/\/smartweb.lv\/nb\/wp-json\/wp\/v2\/pages"}],"about":[{"href":"https:\/\/smartweb.lv\/nb\/wp-json\/wp\/v2\/types\/page"}],"author":[{"embeddable":true,"href":"https:\/\/smartweb.lv\/nb\/wp-json\/wp\/v2\/users\/1"}],"replies":[{"embeddable":true,"href":"https:\/\/smartweb.lv\/nb\/wp-json\/wp\/v2\/comments?post=2078"}],"version-history":[{"count":3,"href":"https:\/\/smartweb.lv\/nb\/wp-json\/wp\/v2\/pages\/2078\/revisions"}],"predecessor-version":[{"id":4726,"href":"https:\/\/smartweb.lv\/nb\/wp-json\/wp\/v2\/pages\/2078\/revisions\/4726"}],"wp:featuredmedia":[{"embeddable":true,"href":"https:\/\/smartweb.lv\/nb\/wp-json\/wp\/v2\/media\/2043"}],"wp:attachment":[{"href":"https:\/\/smartweb.lv\/nb\/wp-json\/wp\/v2\/media?parent=2078"}],"curies":[{"name":"wp","href":"https:\/\/api.w.org\/{rel}","templated":true}]}}