{"id":2078,"date":"2024-12-09T15:15:18","date_gmt":"2024-12-09T15:15:18","guid":{"rendered":"https:\/\/smartweb.lv\/?page_id=2078"},"modified":"2026-04-08T08:27:53","modified_gmt":"2026-04-08T08:27:53","slug":"tietosuojaseloste","status":"publish","type":"page","link":"https:\/\/smartweb.lv\/fi\/privatuma-politika\/","title":{"rendered":"TIETOSUOJAPOLITIIKKA"},"content":{"rendered":"<div data-elementor-type=\"wp-page\" data-elementor-id=\"2078\" class=\"elementor elementor-2078\" data-elementor-post-type=\"page\">\n\t\t\t\t<div class=\"elementor-element elementor-element-226f23f e-flex e-con-boxed e-con e-parent\" data-id=\"226f23f\" data-element_type=\"container\" data-e-type=\"container\">\n\t\t\t\t\t<div class=\"e-con-inner\">\n\t\t<div class=\"elementor-element elementor-element-c670144 e-con-full e-flex e-con e-child\" data-id=\"c670144\" data-element_type=\"container\" data-e-type=\"container\">\n\t\t\t\t<div class=\"elementor-element elementor-element-a6a5134 elementor-widget elementor-widget-heading\" data-id=\"a6a5134\" data-element_type=\"widget\" data-e-type=\"widget\" data-widget_type=\"heading.default\">\n\t\t\t\t\t<h1 class=\"elementor-heading-title elementor-size-default\">Tietosuojak\u00e4yt\u00e4nt\u00f6 www.smartweb.lv<\/h1>\t\t\t\t<\/div>\n\t\t\t\t<div class=\"elementor-element elementor-element-a74d3ed elementor-widget elementor-widget-text-editor\" data-id=\"a74d3ed\" data-element_type=\"widget\" data-e-type=\"widget\" data-widget_type=\"text-editor.default\">\n\t\t\t\t\t\t\t\t\t<p><strong>Voimaantulo: 09.12.2024.<\/strong><\/p><p>SMARTWEB (\u201cme\u201d, \u201cmeid\u00e4n\u201d, \u201cmeit\u00e4\u201d) on sitoutunut suojaamaan ja kunnioittamaan yksityisyytt\u00e4si. T\u00e4ss\u00e4 tietosuojak\u00e4yt\u00e4nn\u00f6ss\u00e4 selitet\u00e4\u00e4n, miten ker\u00e4\u00e4mme, k\u00e4yt\u00e4mme ja jaamme henkil\u00f6tietojasi, kun vierailet verkkosivustollamme. <strong><a target=\"_new\" rel=\"noopener\">www.smartweb.lv<\/a><\/strong> ja olla vuorovaikutuksessa palveluidemme kanssa. T\u00e4m\u00e4 k\u00e4yt\u00e4nt\u00f6 noudattaa Euroopan unionin yleist\u00e4 tietosuoja-asetusta (GDPR) ja Latvian tietosuojalakeja.<\/p><h4>1. <strong>Rekisterinpit\u00e4j\u00e4<\/strong><\/h4><p>SMARTWEB on rekisterinpit\u00e4j\u00e4, joka vastaa henkil\u00f6tietojesi k\u00e4sittelyst\u00e4. Yhteystietomme:<\/p><p><strong>SMARTWEB BALTIC O\u00dc<br \/><\/strong>S\u00e4hk\u00f6posti: info@smartweb.lv<br \/>Puhelin: +371 29228705<br \/>Rekister\u00f6ity kotipaikka: Pae tn 80, Lasnam\u00e4e linnaosa, 13620 Tallinn, Harju maakond, Eesti.<br \/>Todellinen osoite: 6 M\u0101lpils Street, Sigulda, Latvia, LV-2150<\/p><h4>2. <strong>Ker\u00e4\u00e4m\u00e4mme tiedot<\/strong><\/h4><p>Ker\u00e4\u00e4mme seuraavanlaisia tietoja:<\/p><ul><li><strong>Henkil\u00f6kohtaisesti tunnistettavat tiedot<\/strong>Nimi, s\u00e4hk\u00f6postiosoite, puhelinnumero, yrityksen nimi ja muut tiedot, jotka annat rekister\u00f6ityess\u00e4si, tilatessasi palveluitamme tai ottaessasi meihin yhteytt\u00e4.<\/li><li><strong>Muut kuin henkil\u00f6kohtaisesti tunnistettavat tiedot<\/strong>: tiedot laitteestasi, selaintyypist\u00e4si, IP-osoitteestasi ja k\u00e4ytt\u00f6tiedot, jotka liittyv\u00e4t vierailuusi verkkosivustollamme.<\/li><\/ul><h4>3. <strong>Henkil\u00f6tietojen k\u00e4sittelyn oikeusperusta<\/strong><\/h4><p>K\u00e4sittelemme henkil\u00f6tietoja seuraavilla oikeudellisilla perusteilla:<\/p><ul><li><strong>Saatavilla osoitteessa<\/strong>jos annat suostumuksesi (esimerkiksi tilaamalla uutiskirjeemme tai ottamalla yhteytt\u00e4 tukipalveluumme).<\/li><li><strong>Sopimuksen t\u00e4yt\u00e4nt\u00f6\u00f6npano<\/strong>mink\u00e4 tahansa kanssamme tekem\u00e4si sopimuksen tai sopimusj\u00e4rjestelyn toteuttamiseksi (kuten palveluidemme tarjoamiseksi).<\/li><li><strong>Oikeutetut edut<\/strong>: parantaa verkkosivustoamme, varmistaa turvallisuuden ja viesti\u00e4 asiakkaidemme kanssa.<\/li><li><strong>Lakis\u00e4\u00e4teiset velvoitteet<\/strong>jos k\u00e4sittely on tarpeen lakis\u00e4\u00e4teisen velvoitteen noudattamiseksi (esim. vero- tai kirjanpitotarkoituksiin).<\/li><\/ul><h4>4. <strong>Miten k\u00e4yt\u00e4mme tietojasi<\/strong><\/h4><p>K\u00e4yt\u00e4mme ker\u00e4\u00e4mi\u00e4mme tietoja seuraaviin toimintoihin:<\/p><ul><li>Verkkosivustomme ja palveluidemme tarjoaminen, yll\u00e4pit\u00e4minen ja parantaminen.<\/li><li>Vastataksemme kysymyksiisi, kommentteihisi tai tukipyynt\u00f6ihisi.<\/li><li>l\u00e4hett\u00e4\u00e4 sinulle uutisia, p\u00e4ivityksi\u00e4 tai markkinointimateriaalia (vain suostumuksellasi).<\/li><li>Suuntausten seurantaan ja analysointiin, verkkosivustomme parantamiseen ja sen turvallisuuden varmistamiseen.<\/li><\/ul><h4>5. <strong>Ev\u00e4steet ja seurantatekniikat<\/strong><\/h4><p>K\u00e4yt\u00e4mme ev\u00e4steit\u00e4 ja vastaavia tekniikoita parantaaksemme k\u00e4ytt\u00f6kokemustasi, analysoidaksemme sivuston liikennett\u00e4, seurataksemme k\u00e4ytt\u00e4jien k\u00e4ytt\u00e4ytymist\u00e4 ja parantaaksemme sivuston toimintoja. Voit hallita ev\u00e4steit\u00e4 selaimesi asetuksista. L\u00f6yd\u00e4t yksityiskohtaisempaa tietoa ev\u00e4steist\u00e4 ev\u00e4stek\u00e4yt\u00e4nn\u00f6st\u00e4mme.<\/p><h4>6. <strong>Tietojen jakaminen ja siirto<\/strong><\/h4><p>Emme myy, siirr\u00e4 tai vuokraa henkil\u00f6tietojasi kolmansille osapuolille. Saatamme kuitenkin jakaa tietojasi luotettavien kolmansien osapuolten palveluntarjoajien kanssa, jotka auttavat meit\u00e4 liiketoimintamme harjoittamisessa ja palvelujen tarjoamisessa (esim. vieras hosting, maksujen k\u00e4sittely, s\u00e4hk\u00f6postipalvelut).<\/p><p>Jos siirr\u00e4mme henkil\u00f6tietoja Euroopan talousalueen (ETA) ulkopuolelle, varmistamme, ett\u00e4 k\u00e4yt\u00f6ss\u00e4 on asianmukaiset suojatoimet tietojesi suojaamiseksi GDPR:n mukaisesti.<\/p><h4>7. <strong>Tietojen tallennus<\/strong><\/h4><p>S\u00e4ilyt\u00e4mme henkil\u00f6tietojasi vain niin kauan kuin se on tarpeen t\u00e4ss\u00e4 tietosuojak\u00e4yt\u00e4nn\u00f6ss\u00e4 m\u00e4\u00e4riteltyjen tarkoitusten t\u00e4ytt\u00e4miseksi, mukaan lukien oikeudelliset tai kirjanpitotarkoitukset. Jos haluat, ett\u00e4 poistamme tietosi, ota meihin yhteytt\u00e4, niin noudatamme pyynt\u00f6\u00e4si mahdollisuuksien mukaan.<\/p><h4>8. <strong>Sinun oikeutesi<\/strong><\/h4><p>GDPR:n mukaan sinulla on seuraavat oikeudet:<\/p><ul><li><strong>P\u00e4\u00e4syoikeus<\/strong>: sinulla on oikeus pyyt\u00e4\u00e4 p\u00e4\u00e4sy henkil\u00f6tietoihisi ja saada tietoja henkil\u00f6tietojesi k\u00e4sittelyst\u00e4.<\/li><li><strong>Oikeus oikaisuun<\/strong>: voit pyyt\u00e4\u00e4, ett\u00e4 virheelliset tai puutteelliset tiedot korjataan.<\/li><li><strong>Oikeus tietojen poistamiseen<\/strong>: voit pyyt\u00e4\u00e4 henkil\u00f6tietojesi poistamista, jos niit\u00e4 ei en\u00e4\u00e4 tarvita niihin tarkoituksiin, joita varten ne on ker\u00e4tty.<\/li><li><strong>Oikeus rajoittaa k\u00e4sittely\u00e4<\/strong>: voit pyyt\u00e4\u00e4 tietojen k\u00e4sittelyn rajoittamista tietyiss\u00e4 tapauksissa.<\/li><li><strong>Oikeus tietojen siirrett\u00e4vyyteen<\/strong>: voit pyyt\u00e4\u00e4 henkil\u00f6tietojesi siirtoa toiselle rekisterinpit\u00e4j\u00e4lle j\u00e4sennellyss\u00e4, yleisesti k\u00e4ytetyss\u00e4 muodossa.<\/li><li><strong>Oikeus vastustaa<\/strong>: sinulla on oikeus vastustaa henkil\u00f6tietojen k\u00e4sittely\u00e4 tietyiss\u00e4 tapauksissa.<\/li><li><strong>Oikeus peruuttaa suostumus<\/strong>: jos k\u00e4sittely perustuu suostumukseen, sinulla on oikeus peruuttaa se milloin tahansa.<\/li><\/ul><p>Jos haluat k\u00e4ytt\u00e4\u00e4 t\u00e4t\u00e4 oikeutta, ota meihin yhteytt\u00e4 osoitteeseen info@smartweb.lv.<\/p><h4>9. <strong>Tietoturva<\/strong><\/h4><p>Toteutamme asianmukaisia teknisi\u00e4 ja organisatorisia toimenpiteit\u00e4 henkil\u00f6tietojesi suojaamiseksi luvattomalta p\u00e4\u00e4sylt\u00e4, muuttamiselta tai tuhoamiselta. Mik\u00e4\u00e4n tiedonsiirto internetiss\u00e4 ei kuitenkaan ole t\u00e4ysin turvallista, emmek\u00e4 voi taata tietojesi t\u00e4ydellist\u00e4 turvallisuutta.<\/p><h4>10. <strong>Aiheeseen liittyv\u00e4t kolmannen osapuolen linkit<\/strong><\/h4><p>Verkkosivustomme voi sis\u00e4lt\u00e4\u00e4 linkkej\u00e4 kolmansien osapuolten verkkosivustoille. Emme ole vastuussa n\u00e4iden sivustojen tietosuojak\u00e4yt\u00e4nn\u00f6ist\u00e4 tai sis\u00e4ll\u00f6st\u00e4. Kehotamme sinua tutustumaan n\u00e4iden kolmansien osapuolten sivustojen tietosuojak\u00e4yt\u00e4nt\u00f6ihin.<\/p><h4>11. <strong>Muutokset t\u00e4h\u00e4n tietosuojak\u00e4yt\u00e4nt\u00f6\u00f6n<\/strong><\/h4><p>Saatamme p\u00e4ivitt\u00e4\u00e4 t\u00e4t\u00e4 tietosuojak\u00e4yt\u00e4nt\u00f6\u00e4 aika ajoin vastaamaan k\u00e4yt\u00e4nt\u00f6jemme tai lakis\u00e4\u00e4teisten vaatimusten muutoksia. Jos muutoksia tehd\u00e4\u00e4n, ne julkaistaan t\u00e4ll\u00e4 sivulla ja \u201cVoimaantulop\u00e4iv\u00e4\u201d p\u00e4ivitet\u00e4\u00e4n.<\/p><h4>12. <strong>Ota yhteytt\u00e4<\/strong><\/h4><p>Jos sinulla on kysytt\u00e4v\u00e4\u00e4 t\u00e4st\u00e4 tietosuojak\u00e4yt\u00e4nn\u00f6st\u00e4, ota meihin yhteytt\u00e4:<\/p><p><strong>SMARTWEB BALTIC O\u00dc<br \/><\/strong>S\u00e4hk\u00f6posti: info@smartweb.lv<br \/>Puhelin: +371 29228705<br \/>Rekister\u00f6ity kotipaikka: Pae tn 80, Lasnam\u00e4e linnaosa, 13620 Tallinn, Harju maakond, Eesti.<br \/>Todellinen osoite: 6 M\u0101lpils Street, Sigulda, Latvia, LV-2150<\/p>\t\t\t\t\t\t\t\t<\/div>\n\t\t\t\t<\/div>\n\t\t\t\t\t<\/div>\n\t\t\t\t<\/div>\n\t\t\t\t<\/div>","protected":false},"excerpt":{"rendered":"<p>Priv\u0101tuma politika vietnei www.smartweb.lv St\u0101jas sp\u0113k\u0101: 09.12.2024. SMARTWEB (&#8220;m\u0113s&#8221;, &#8220;m\u016bsu&#8221;, &#8220;m\u016bs&#8221;) ir ap\u0146\u0113musies aizsarg\u0101t un cien\u012bt j\u016bsu priv\u0101tumu. \u0160\u012b Priv\u0101tuma politika izskaidro, k\u0101 m\u0113s v\u0101cam, izmantojam un kop\u012bgojam j\u016bsu personas datus, kad apmekl\u0113jat m\u016bsu m\u0101jaslapu www.smartweb.lv un mijiedarbojaties ar m\u016bsu pakalpojumiem. \u0160\u012b politika ir atbilsto\u0161a Eiropas Savien\u012bbas Visp\u0101r\u012bgajam datu aizsardz\u012bbas regul\u0113jumam (GDPR) un Latvijas datu [&hellip;]<\/p>\n","protected":false},"author":1,"featured_media":2043,"parent":0,"menu_order":0,"comment_status":"closed","ping_status":"closed","template":"","meta":{"footnotes":""},"class_list":["post-2078","page","type-page","status-publish","has-post-thumbnail","hentry"],"_links":{"self":[{"href":"https:\/\/smartweb.lv\/fi\/wp-json\/wp\/v2\/pages\/2078","targetHints":{"allow":["GET"]}}],"collection":[{"href":"https:\/\/smartweb.lv\/fi\/wp-json\/wp\/v2\/pages"}],"about":[{"href":"https:\/\/smartweb.lv\/fi\/wp-json\/wp\/v2\/types\/page"}],"author":[{"embeddable":true,"href":"https:\/\/smartweb.lv\/fi\/wp-json\/wp\/v2\/users\/1"}],"replies":[{"embeddable":true,"href":"https:\/\/smartweb.lv\/fi\/wp-json\/wp\/v2\/comments?post=2078"}],"version-history":[{"count":3,"href":"https:\/\/smartweb.lv\/fi\/wp-json\/wp\/v2\/pages\/2078\/revisions"}],"predecessor-version":[{"id":4726,"href":"https:\/\/smartweb.lv\/fi\/wp-json\/wp\/v2\/pages\/2078\/revisions\/4726"}],"wp:featuredmedia":[{"embeddable":true,"href":"https:\/\/smartweb.lv\/fi\/wp-json\/wp\/v2\/media\/2043"}],"wp:attachment":[{"href":"https:\/\/smartweb.lv\/fi\/wp-json\/wp\/v2\/media?parent=2078"}],"curies":[{"name":"wp","href":"https:\/\/api.w.org\/{rel}","templated":true}]}}