{"id":2335,"date":"2025-07-07T09:30:55","date_gmt":"2025-07-07T09:30:55","guid":{"rendered":"https:\/\/smartweb.lv\/?page_id=2335"},"modified":"2026-03-30T15:10:52","modified_gmt":"2026-03-30T15:10:52","slug":"why-us","status":"publish","type":"page","link":"https:\/\/smartweb.lv\/en\/kapec-mus\/","title":{"rendered":"WHY US?"},"content":{"rendered":"\t\t<div data-elementor-type=\"wp-page\" data-elementor-id=\"2335\" class=\"elementor elementor-2335\" data-elementor-post-type=\"page\">\n\t\t\t\t<div class=\"elementor-element elementor-element-22bb2b6 e-con-full e-flex e-con e-parent\" data-id=\"22bb2b6\" data-element_type=\"container\" data-e-type=\"container\">\n\t\t<div class=\"elementor-element elementor-element-c9f6763 e-con-full animated-slow e-flex elementor-invisible e-con e-child\" data-id=\"c9f6763\" data-element_type=\"container\" data-e-type=\"container\" data-settings=\"{&quot;animation&quot;:&quot;fadeIn&quot;}\">\n\t\t<div class=\"elementor-element elementor-element-52871e6 e-con-full e-flex e-con e-child\" data-id=\"52871e6\" data-element_type=\"container\" data-e-type=\"container\">\n\t\t<div class=\"elementor-element elementor-element-a98ab5f e-con-full e-flex e-con e-child\" data-id=\"a98ab5f\" data-element_type=\"container\" data-e-type=\"container\">\n\t\t\t\t<div class=\"elementor-element elementor-element-fb28923 elementor-widget elementor-widget-heading\" data-id=\"fb28923\" data-element_type=\"widget\" data-e-type=\"widget\" data-widget_type=\"heading.default\">\n\t\t\t\t\t<h1 class=\"elementor-heading-title elementor-size-default\">M\u0101jas lapu un interneta veikalu izstr\u0101de<\/h1>\t\t\t\t<\/div>\n\t\t\t\t<div class=\"elementor-element elementor-element-4f8f67e elementor-widget__width-initial elementor-widget-tablet_extra__width-inherit elementor-widget-tablet__width-inherit elementor-widget-mobile_extra__width-inherit elementor-widget-mobile__width-inherit elementor-invisible elementor-widget elementor-widget-text-editor\" data-id=\"4f8f67e\" data-element_type=\"widget\" data-e-type=\"widget\" data-settings=\"{&quot;_animation&quot;:&quot;fadeInDown&quot;}\" data-widget_type=\"text-editor.default\">\n\t\t\t\t\t\t\t\t\t<p>M\u016bsdienu uz\u0146\u0113m\u0113jdarb\u012bb\u0101 digit\u0101l\u0101 kl\u0101tb\u016btne ir viens no svar\u012bg\u0101kajiem konkur\u0113tsp\u0113jas faktoriem. Ja mekl\u0113 profesion\u0101lu un uzticamu partneri m\u0101jas lapu izstr\u0101dei vai interneta veikala izveidei, SMARTWEB ir Tavs risin\u0101jums. M\u0113s pied\u0101v\u0101jam piel\u0101gotus IT pakalpojumus, kas pal\u012bdz uz\u0146\u0113mumiem augt un piesaist\u012bt jaunus tie\u0161saist\u0113.<\/p>\t\t\t\t\t\t\t\t<\/div>\n\t\t\t\t<\/div>\n\t\t\t\t<\/div>\n\t\t\t\t<div class=\"elementor-element elementor-element-77c9db1 animated-slow elementor-invisible elementor-widget elementor-widget-heading\" data-id=\"77c9db1\" data-element_type=\"widget\" data-e-type=\"widget\" data-settings=\"{&quot;_animation&quot;:&quot;fadeInUp&quot;,&quot;_animation_delay&quot;:600}\" data-widget_type=\"heading.default\">\n\t\t\t\t\t<span class=\"elementor-heading-title elementor-size-default\">garantija<\/span>\t\t\t\t<\/div>\n\t\t\t\t<\/div>\n\t\t<div class=\"elementor-element elementor-element-323b1a7 e-con-full animated-slow e-flex elementor-invisible e-con e-child\" data-id=\"323b1a7\" data-element_type=\"container\" data-e-type=\"container\" data-settings=\"{&quot;background_background&quot;:&quot;classic&quot;,&quot;shape_divider_bottom&quot;:&quot;arrow&quot;,&quot;animation&quot;:&quot;fadeIn&quot;,&quot;animation_delay&quot;:200}\">\n\t\t\t\t<div class=\"elementor-shape elementor-shape-bottom\" aria-hidden=\"true\" data-negative=\"false\">\n\t\t\t<svg xmlns=\"http:\/\/www.w3.org\/2000\/svg\" viewBox=\"0 0 700 10\" preserveAspectRatio=\"none\">\n\t<path class=\"elementor-shape-fill\" d=\"M350,10L340,0h20L350,10z\"\/>\n<\/svg>\t\t<\/div>\n\t\t\t\t<\/div>\n\t\t\t\t<\/div>\n\t\t<div class=\"elementor-element elementor-element-a1a9118 e-flex e-con-boxed e-con e-parent\" data-id=\"a1a9118\" data-element_type=\"container\" data-e-type=\"container\">\n\t\t\t\t\t<div class=\"e-con-inner\">\n\t\t\t\t<div class=\"elementor-element elementor-element-a531922 elementor-align-center elementor-widget elementor-widget-lottie\" data-id=\"a531922\" data-element_type=\"widget\" data-e-type=\"widget\" data-settings=\"{&quot;source_json&quot;:{&quot;url&quot;:&quot;https:\\\/\\\/smartweb.lv\\\/wp-content\\\/uploads\\\/2026\\\/01\\\/lottieflow-scroll-down-04-2-000000-easey.json&quot;,&quot;id&quot;:3675,&quot;size&quot;:&quot;&quot;,&quot;alt&quot;:&quot;&quot;,&quot;source&quot;:&quot;library&quot;},&quot;source&quot;:&quot;media_file&quot;,&quot;caption_source&quot;:&quot;none&quot;,&quot;link_to&quot;:&quot;none&quot;,&quot;trigger&quot;:&quot;arriving_to_viewport&quot;,&quot;viewport&quot;:{&quot;unit&quot;:&quot;%&quot;,&quot;size&quot;:&quot;&quot;,&quot;sizes&quot;:{&quot;start&quot;:0,&quot;end&quot;:100}},&quot;play_speed&quot;:{&quot;unit&quot;:&quot;px&quot;,&quot;size&quot;:1,&quot;sizes&quot;:[]},&quot;start_point&quot;:{&quot;unit&quot;:&quot;%&quot;,&quot;size&quot;:0,&quot;sizes&quot;:[]},&quot;end_point&quot;:{&quot;unit&quot;:&quot;%&quot;,&quot;size&quot;:100,&quot;sizes&quot;:[]},&quot;renderer&quot;:&quot;svg&quot;}\" data-widget_type=\"lottie.default\">\n\t\t\t\t\t<div class=\"e-lottie__container\"><div class=\"e-lottie__animation\"><\/div><\/div>\t\t\t\t<\/div>\n\t\t\t\t\t<\/div>\n\t\t\t\t<\/div>\n\t\t<div class=\"elementor-element elementor-element-31b93da e-con-full e-flex e-con e-parent\" data-id=\"31b93da\" data-element_type=\"container\" data-e-type=\"container\">\n\t\t<div class=\"elementor-element elementor-element-c6c357e e-con-full animated-slow e-flex elementor-invisible e-con e-child\" data-id=\"c6c357e\" data-element_type=\"container\" data-e-type=\"container\" data-settings=\"{&quot;background_background&quot;:&quot;classic&quot;,&quot;shape_divider_top&quot;:&quot;tilt&quot;,&quot;shape_divider_bottom&quot;:&quot;tilt&quot;,&quot;animation&quot;:&quot;fadeIn&quot;,&quot;animation_delay&quot;:300}\">\n\t\t\t\t<div class=\"elementor-shape elementor-shape-top\" aria-hidden=\"true\" data-negative=\"false\">\n\t\t\t<svg xmlns=\"http:\/\/www.w3.org\/2000\/svg\" viewBox=\"0 0 1000 100\" preserveAspectRatio=\"none\">\n\t<path class=\"elementor-shape-fill\" d=\"M0,6V0h1000v100L0,6z\"\/>\n<\/svg>\t\t<\/div>\n\t\t\t\t<div class=\"elementor-shape elementor-shape-bottom\" aria-hidden=\"true\" data-negative=\"false\">\n\t\t\t<svg xmlns=\"http:\/\/www.w3.org\/2000\/svg\" viewBox=\"0 0 1000 100\" preserveAspectRatio=\"none\">\n\t<path class=\"elementor-shape-fill\" d=\"M0,6V0h1000v100L0,6z\"\/>\n<\/svg>\t\t<\/div>\n\t\t\t\t<\/div>\n\t\t<div class=\"elementor-element elementor-element-0021218 e-con-full animated-slow e-flex elementor-invisible e-con e-child\" data-id=\"0021218\" data-element_type=\"container\" data-e-type=\"container\" data-settings=\"{&quot;animation&quot;:&quot;fadeIn&quot;}\">\n\t\t\t\t<div class=\"elementor-element elementor-element-538191c elementor-widget elementor-widget-heading\" data-id=\"538191c\" data-element_type=\"widget\" data-e-type=\"widget\" data-widget_type=\"heading.default\">\n\t\t\t\t\t<h2 class=\"elementor-heading-title elementor-size-default\">Ko pied\u0101v\u0101 SMARTWEB BALTIC?<\/h2>\t\t\t\t<\/div>\n\t\t\t\t<div class=\"elementor-element elementor-element-c663de8 elementor-widget__width-initial elementor-widget elementor-widget-text-editor\" data-id=\"c663de8\" data-element_type=\"widget\" data-e-type=\"widget\" data-widget_type=\"text-editor.default\">\n\t\t\t\t\t\t\t\t\t<p>\u2705 <span style=\"text-decoration: underline;\"><strong>M\u0101jas lapu izstr\u0101de<\/strong><\/span><\/p><p>Izstr\u0101d\u0101jam modernas, mobilaj\u0101m ier\u012bc\u0113m piel\u0101gotas m\u0101jaslapas WordPress vid\u0113, tas ir \u0101tras, dro\u0161as un viegli p\u0101rvald\u0101mas. <br \/>M\u016bsu m\u0101jaslapas ir:<br \/>\u2192 SEO draudz\u012bgas (Google mekl\u0113t\u0101jiem piel\u0101gotas)<br \/>\u2192 Optimiz\u0113tas lietot\u0101ja pieredzei (UX\/UI)<br \/>\u2192 Ar SSL sertifik\u0101tu un dro\u0161\u012bbas risin\u0101jumiem<br \/>\u2192 Ar satur vad\u012bbas sist\u0113mu (WordPress)<\/p><p>\u2705 <span style=\"text-decoration: underline;\"><strong>Interneta veikalu izveide<\/strong><\/span><\/p><p>Izveidojam pla\u0161us un modernus interneta veikalus ar Woo, kur klienti var \u0113rti iepirkties un Tu \u2013 viegli p\u0101rvald\u012bt preces, cenas un pieg\u0101di.<\/p><p>Iek\u013cauts:<br \/>\u2192 Maks\u0101juma integr\u0101cija (Swedbank, Klix, PayPal u.c.)<br \/>\u2192 Omniva un DPD pieg\u0101des modulis<br \/>\u2192 Atlai\u017eu kodi un e-pasta m\u0101rketings (Klaviyo u.c.)<br \/>\u2192 Shopify vai Woocommerce<\/p><p><strong><span style=\"text-decoration: underline;\">\u2705\u00a0IT pakalpojumi uz\u0146\u0113mumiem<\/span><\/strong><br \/>\u2192 M\u0101jaslapu uztur\u0113\u0161ana un hostings<br \/>\u2192 SEO optimiz\u0101cijas un pies\u0101tin\u0101juma strat\u0113\u0123ija<br \/>\u2192 Google rekl\u0101mas un Facebook rekl\u0101mas<br \/>\u2192 Tehniskais audits un UX konsult\u0101cijas<br \/>\u2192 Uz\u0146emumu IT sist\u0113mu apkalpo\u0161ana<\/p>\t\t\t\t\t\t\t\t<\/div>\n\t\t\t\t<\/div>\n\t\t\t\t<\/div>\n\t\t<div class=\"elementor-element elementor-element-37bd88a animated-slow elementor-hidden-widescreen elementor-hidden-desktop elementor-hidden-laptop elementor-hidden-tablet_extra elementor-hidden-tablet elementor-hidden-mobile_extra e-flex e-con-boxed elementor-invisible e-con e-parent\" data-id=\"37bd88a\" data-element_type=\"container\" data-e-type=\"container\" data-settings=\"{&quot;background_background&quot;:&quot;classic&quot;,&quot;animation&quot;:&quot;fadeIn&quot;,&quot;animation_mobile&quot;:&quot;fadeIn&quot;,&quot;animation_delay&quot;:300}\">\n\t\t\t\t\t<div class=\"e-con-inner\">\n\t\t\t\t\t<\/div>\n\t\t\t\t<\/div>\n\t\t<div class=\"elementor-element elementor-element-9e18c68 e-flex e-con-boxed e-con e-parent\" data-id=\"9e18c68\" data-element_type=\"container\" data-e-type=\"container\">\n\t\t\t\t\t<div class=\"e-con-inner\">\n\t\t<div class=\"elementor-element elementor-element-698a319 e-con-full animated-slow e-flex elementor-invisible e-con e-child\" data-id=\"698a319\" data-element_type=\"container\" data-e-type=\"container\" data-settings=\"{&quot;animation&quot;:&quot;fadeIn&quot;}\">\n\t\t<div class=\"elementor-element elementor-element-3213be1 e-con-full animated-slow e-flex elementor-invisible e-con e-child\" data-id=\"3213be1\" data-element_type=\"container\" data-e-type=\"container\" data-settings=\"{&quot;animation&quot;:&quot;fadeIn&quot;}\">\n\t\t\t\t<div class=\"elementor-element elementor-element-f2c966b elementor-widget elementor-widget-heading\" data-id=\"f2c966b\" data-element_type=\"widget\" data-e-type=\"widget\" data-widget_type=\"heading.default\">\n\t\t\t\t\t<h2 class=\"elementor-heading-title elementor-size-default\">K\u0101p\u0113c izv\u0113l\u0113ties SMARTWEB<\/h2>\t\t\t\t<\/div>\n\t\t\t\t<div class=\"elementor-element elementor-element-d18f3e0 elementor-widget__width-initial elementor-invisible elementor-widget elementor-widget-text-editor\" data-id=\"d18f3e0\" data-element_type=\"widget\" data-e-type=\"widget\" data-settings=\"{&quot;_animation&quot;:&quot;fadeIn&quot;}\" data-widget_type=\"text-editor.default\">\n\t\t\t\t\t\t\t\t\t<div>\u2192 M\u0101jas lapu izstr\u0101de<\/div>\n<div>\u2192 Interneta veikala izveide<\/div>\n<div>\u2192 M\u0101jaslapas izstr\u0101de WordPress<\/div>\n<div>\u2192 WooCommerce internetveikals<\/div>\n<div>\u2192 L\u0113ta m\u0101jaslapa uz\u0146\u0113mumam<\/div>\n<div>\u2192 Profesion\u0101la web izstr\u0101de<\/div>\n<div>\u2192 SEO optimiz\u0101cija<\/div>\n<div>\u2192 M\u0101jaslapu uztur\u0113\u0161ana<\/div>\n<div>\u2192 IT pakalpojumi Latvij\u0101<\/div>\n<div>\u2192 Web dizains un programm\u0113\u0161ana<\/div>\n<div>\u2192 Shpoify izstr\u0101de<\/div>\t\t\t\t\t\t\t\t<\/div>\n\t\t\t\t<div class=\"elementor-element elementor-element-0beb7ef elementor-widget__width-initial elementor-widget elementor-widget-text-editor\" data-id=\"0beb7ef\" data-element_type=\"widget\" data-e-type=\"widget\" data-widget_type=\"text-editor.default\">\n\t\t\t\t\t\t\t\t\t<p>Ja Tev nepiecie\u0161ama m\u0101jaslapa vai interneta veikals? Sazinies ar mums un sa\u0146em personaliz\u0113tu pied\u0101v\u0101jumu jau \u0161odien.<\/p>\t\t\t\t\t\t\t\t<\/div>\n\t\t\t\t<\/div>\n\t\t<div class=\"elementor-element elementor-element-b6b20e3 e-con-full animated-slow e-flex elementor-invisible e-con e-child\" data-id=\"b6b20e3\" data-element_type=\"container\" data-e-type=\"container\" data-settings=\"{&quot;animation&quot;:&quot;slideInLeft&quot;,&quot;animation_mobile&quot;:&quot;fadeInRight&quot;,&quot;animation_delay&quot;:300}\">\n\t\t\t\t<div class=\"elementor-element elementor-element-a2472aa elementor-widget__width-initial elementor-view-default elementor-widget elementor-widget-icon\" data-id=\"a2472aa\" data-element_type=\"widget\" data-e-type=\"widget\" data-widget_type=\"icon.default\">\n\t\t\t\t\t\t\t<div class=\"elementor-icon-wrapper\">\n\t\t\t<div class=\"elementor-icon\">\n\t\t\t<svg xmlns=\"http:\/\/www.w3.org\/2000\/svg\" width=\"800px\" height=\"800px\" viewBox=\"0 0 24 24\" fill=\"none\"><g id=\"SVGRepo_bgCarrier\" stroke-width=\"0\"><\/g><g id=\"SVGRepo_tracerCarrier\" stroke-linecap=\"round\" stroke-linejoin=\"round\"><\/g><g id=\"SVGRepo_iconCarrier\"><path d=\"M6 18L18 6M18 6H9M18 6V15\" stroke=\"#282828\" stroke-width=\"1.5\" stroke-linecap=\"round\" stroke-linejoin=\"round\"><\/path><\/g><\/svg>\t\t\t<\/div>\n\t\t<\/div>\n\t\t\t\t\t\t<\/div>\n\t\t\t\t<\/div>\n\t\t\t\t<\/div>\n\t\t<div class=\"elementor-element elementor-element-6845904 e-con-full animated-slow e-flex elementor-invisible e-con e-child\" data-id=\"6845904\" data-element_type=\"container\" data-e-type=\"container\" data-settings=\"{&quot;animation&quot;:&quot;fadeIn&quot;,&quot;animation_delay&quot;:600}\">\n\t\t\t\t<div class=\"elementor-element elementor-element-2c226b4 elementor-widget__width-initial elementor-widget-laptop__width-inherit elementor-button-align-stretch elementor-widget elementor-widget-form\" data-id=\"2c226b4\" data-element_type=\"widget\" data-e-type=\"widget\" data-settings=\"{&quot;step_next_label&quot;:&quot;Next&quot;,&quot;step_previous_label&quot;:&quot;Previous&quot;,&quot;button_width&quot;:&quot;100&quot;,&quot;step_type&quot;:&quot;number_text&quot;,&quot;step_icon_shape&quot;:&quot;circle&quot;}\" data-widget_type=\"form.default\">\n\t\t\t\t\t\t\t<form class=\"elementor-form\" method=\"post\" name=\"New Form\" aria-label=\"New Form\">\n\t\t\t<input type=\"hidden\" name=\"post_id\" value=\"2335\"\/>\n\t\t\t<input type=\"hidden\" name=\"form_id\" value=\"2c226b4\"\/>\n\t\t\t<input type=\"hidden\" name=\"referer_title\" value=\"\" \/>\n\n\t\t\t\n\t\t\t<div class=\"elementor-form-fields-wrapper elementor-labels-above\">\n\t\t\t\t\t\t\t\t<div class=\"elementor-field-type-text elementor-field-group elementor-column elementor-field-group-name elementor-col-100 elementor-field-required\">\n\t\t\t\t\t\t\t\t\t\t\t\t<label for=\"form-field-name\" class=\"elementor-field-label\">\n\t\t\t\t\t\t\t\tV\u0101rds\t\t\t\t\t\t\t<\/label>\n\t\t\t\t\t\t\t\t\t\t\t\t\t\t<input size=\"1\" type=\"text\" name=\"form_fields[name]\" id=\"form-field-name\" class=\"elementor-field elementor-size-sm  elementor-field-textual\" placeholder=\"V\u0101rds\" required=\"required\">\n\t\t\t\t\t\t\t\t\t\t\t<\/div>\n\t\t\t\t\t\t\t\t<div class=\"elementor-field-type-email elementor-field-group elementor-column elementor-field-group-email elementor-col-100 elementor-field-required\">\n\t\t\t\t\t\t\t\t\t\t\t\t<label for=\"form-field-email\" class=\"elementor-field-label\">\n\t\t\t\t\t\t\t\tE-pasts\t\t\t\t\t\t\t<\/label>\n\t\t\t\t\t\t\t\t\t\t\t\t\t\t<input size=\"1\" type=\"email\" name=\"form_fields[email]\" id=\"form-field-email\" class=\"elementor-field elementor-size-sm  elementor-field-textual\" placeholder=\"E-pasts\" required=\"required\">\n\t\t\t\t\t\t\t\t\t\t\t<\/div>\n\t\t\t\t\t\t\t\t<div class=\"elementor-field-type-tel elementor-field-group elementor-column elementor-field-group-phone elementor-col-100\">\n\t\t\t\t\t\t\t\t\t\t\t\t<label for=\"form-field-phone\" class=\"elementor-field-label\">\n\t\t\t\t\t\t\t\tTelefons\t\t\t\t\t\t\t<\/label>\n\t\t\t\t\t\t\t\t<input size=\"1\" type=\"tel\" name=\"form_fields[phone]\" id=\"form-field-phone\" class=\"elementor-field elementor-size-sm  elementor-field-textual\" placeholder=\"Telefons\" pattern=\"[0-9()#&amp;+*-=.]+\" title=\"Only numbers and phone characters (#, -, *, etc) are accepted.\">\n\n\t\t\t\t\t\t<\/div>\n\t\t\t\t\t\t\t\t<div class=\"elementor-field-type-textarea elementor-field-group elementor-column elementor-field-group-message elementor-col-100 elementor-field-required\">\n\t\t\t\t\t\t\t\t\t\t\t\t<label for=\"form-field-message\" class=\"elementor-field-label\">\n\t\t\t\t\t\t\t\tZi\u0146a\t\t\t\t\t\t\t<\/label>\n\t\t\t\t\t\t<textarea class=\"elementor-field-textual elementor-field  elementor-size-sm\" name=\"form_fields[message]\" id=\"form-field-message\" rows=\"4\" placeholder=\"Zi\u0146a\" required=\"required\"><\/textarea>\t\t\t\t<\/div>\n\t\t\t\t\t\t\t\t<div class=\"elementor-field-type-recaptcha elementor-field-group elementor-column elementor-field-group-field_2123c46 elementor-col-100\">\n\t\t\t\t\t<div class=\"elementor-field\" id=\"form-field-field_2123c46\"><div class=\"elementor-g-recaptcha\" data-sitekey=\"6LfCjXcrAAAAAK2SC2_DVatRsUBvBQiwQoFKoMVn\" data-type=\"v2_checkbox\" data-theme=\"light\" data-size=\"normal\"><\/div><\/div>\t\t\t\t<\/div>\n\t\t\t\t\t\t\t\t<div class=\"elementor-field-group elementor-column elementor-field-type-submit elementor-col-100 e-form__buttons\">\n\t\t\t\t\t<button class=\"elementor-button elementor-size-sm\" type=\"submit\">\n\t\t\t\t\t\t<span class=\"elementor-button-content-wrapper\">\n\t\t\t\t\t\t\t\t\t\t\t\t\t\t\t\t\t\t\t\t\t\t<span class=\"elementor-button-text\">Nos\u016bt\u012bt<\/span>\n\t\t\t\t\t\t\t\t\t\t\t\t\t<\/span>\n\t\t\t\t\t<\/button>\n\t\t\t\t<\/div>\n\t\t\t<\/div>\n\t\t<\/form>\n\t\t\t\t\t\t<\/div>\n\t\t\t\t<\/div>\n\t\t\t\t\t<\/div>\n\t\t\t\t<\/div>\n\t\t<div class=\"elementor-element elementor-element-d1f0a58 e-con-full e-flex e-con e-parent\" data-id=\"d1f0a58\" data-element_type=\"container\" data-e-type=\"container\" data-settings=\"{&quot;background_background&quot;:&quot;classic&quot;}\">\n\t\t<div class=\"elementor-element elementor-element-0182a94 e-con-full e-flex e-con e-child\" data-id=\"0182a94\" data-element_type=\"container\" data-e-type=\"container\">\n\t\t<div class=\"elementor-element elementor-element-c4c2dc1 e-con-full e-flex e-con e-child\" data-id=\"c4c2dc1\" data-element_type=\"container\" data-e-type=\"container\">\n\t\t<div class=\"elementor-element elementor-element-aa9ffa3 e-con-full animated-slow e-flex elementor-invisible e-con e-child\" data-id=\"aa9ffa3\" data-element_type=\"container\" data-e-type=\"container\" data-settings=\"{&quot;animation&quot;:&quot;fadeIn&quot;,&quot;animation_delay&quot;:200}\">\n\t\t\t\t<div class=\"elementor-element elementor-element-e900a6d elementor-position-left elementor-vertical-align-middle elementor-position-top elementor-widget elementor-widget-image-box\" data-id=\"e900a6d\" data-element_type=\"widget\" data-e-type=\"widget\" data-widget_type=\"image-box.default\">\n\t\t\t\t\t<div class=\"elementor-image-box-wrapper\"><figure class=\"elementor-image-box-img\"><img fetchpriority=\"high\" decoding=\"async\" width=\"1920\" height=\"1280\" src=\"https:\/\/smartweb.lv\/wp-content\/uploads\/2020\/10\/pencil-918449_1920.jpg\" class=\"attachment-full size-full wp-image-181\" alt=\"pencil-918449_1920\" title=\"\" srcset=\"https:\/\/smartweb.lv\/wp-content\/uploads\/2020\/10\/pencil-918449_1920.jpg 1920w, https:\/\/smartweb.lv\/wp-content\/uploads\/2020\/10\/pencil-918449_1920-300x200.jpg 300w, https:\/\/smartweb.lv\/wp-content\/uploads\/2020\/10\/pencil-918449_1920-1024x683.jpg 1024w, https:\/\/smartweb.lv\/wp-content\/uploads\/2020\/10\/pencil-918449_1920-768x512.jpg 768w, https:\/\/smartweb.lv\/wp-content\/uploads\/2020\/10\/pencil-918449_1920-1536x1024.jpg 1536w\" sizes=\"(max-width: 1920px) 100vw, 1920px\" \/><\/figure><div class=\"elementor-image-box-content\"><p class=\"elementor-image-box-title\">10+ gadu pieredze web izstr\u0101d\u0113<\/p><p class=\"elementor-image-box-description\">\n\u2192 Vair\u0101k nek\u0101 50 realiz\u0113tu m\u0101jaslapu un veikalu  <br> <br>\u2192 \u0100tra komunik\u0101cija un caursp\u012bd\u012bga cena  <br> <br>\u2192 1 gada garantija visiem projektiem  <br><br> \u2192 Bezmaksas konsult\u0101cija pirmssadarb\u012bba<\/p><\/div><\/div>\t\t\t\t<\/div>\n\t\t\t\t<\/div>\n\t\t<div class=\"elementor-element elementor-element-f2c60da e-con-full animated-slow e-flex elementor-invisible e-con e-child\" data-id=\"f2c60da\" data-element_type=\"container\" data-e-type=\"container\" data-settings=\"{&quot;animation&quot;:&quot;fadeIn&quot;,&quot;animation_delay&quot;:400}\">\n\t\t\t\t<div class=\"elementor-element elementor-element-f763b33 elementor-position-left elementor-position-top elementor-vertical-align-middle elementor-position-top elementor-position-left elementor-vertical-align-middle elementor-widget elementor-widget-image-box\" data-id=\"f763b33\" data-element_type=\"widget\" data-e-type=\"widget\" data-widget_type=\"image-box.default\">\n\t\t\t\t\t<div class=\"elementor-image-box-wrapper\"><figure class=\"elementor-image-box-img\"><img decoding=\"async\" width=\"1920\" height=\"1281\" src=\"https:\/\/smartweb.lv\/wp-content\/uploads\/2020\/10\/internet-search-engine-1433323_1920.jpg\" class=\"attachment-full size-full wp-image-225\" alt=\"Google\" title=\"\" srcset=\"https:\/\/smartweb.lv\/wp-content\/uploads\/2020\/10\/internet-search-engine-1433323_1920.jpg 1920w, https:\/\/smartweb.lv\/wp-content\/uploads\/2020\/10\/internet-search-engine-1433323_1920-300x200.jpg 300w, https:\/\/smartweb.lv\/wp-content\/uploads\/2020\/10\/internet-search-engine-1433323_1920-1024x683.jpg 1024w, https:\/\/smartweb.lv\/wp-content\/uploads\/2020\/10\/internet-search-engine-1433323_1920-768x512.jpg 768w, https:\/\/smartweb.lv\/wp-content\/uploads\/2020\/10\/internet-search-engine-1433323_1920-1536x1025.jpg 1536w\" sizes=\"(max-width: 1920px) 100vw, 1920px\" \/><\/figure><div class=\"elementor-image-box-content\"><p class=\"elementor-image-box-title\">M\u0101jaslapa bez SEO ir k\u0101 veikals me\u017ea vid\u016b \u2013 nevienam neredzama.<\/p><p class=\"elementor-image-box-description\">\n\u2192 Analiz\u0113jam popul\u0101r\u0101k\u0101s atsl\u0113gv\u0101rdus  <br> <br> \u2192 Ievie\u0161am tehnisko un satur optimiz\u0101ciju <br> <br> \u2192 Piesl\u0113dzam Google Analytics un Search Console  <br> <br>\u2192 Pal\u012bdzam sasniegt augst\u0101kas poz\u012bcijas Google mekl\u0113t\u0101j\u0101<\/p><\/div><\/div>\t\t\t\t<\/div>\n\t\t\t\t<\/div>\n\t\t\t\t<\/div>\n\t\t\t\t<\/div>\n\t\t\t\t<\/div>\n\t\t\t\t<\/div>\n\t\t","protected":false},"excerpt":{"rendered":"<p>M\u0101jas lapu un interneta veikalu izstr\u0101de M\u016bsdienu uz\u0146\u0113m\u0113jdarb\u012bb\u0101 digit\u0101l\u0101 kl\u0101tb\u016btne ir viens no svar\u012bg\u0101kajiem konkur\u0113tsp\u0113jas faktoriem. Ja mekl\u0113 profesion\u0101lu un uzticamu partneri m\u0101jas lapu izstr\u0101dei vai interneta veikala izveidei, SMARTWEB ir Tavs risin\u0101jums. M\u0113s pied\u0101v\u0101jam piel\u0101gotus IT pakalpojumus, kas pal\u012bdz uz\u0146\u0113mumiem augt un piesaist\u012bt jaunus tie\u0161saist\u0113. garantija Ko pied\u0101v\u0101 SMARTWEB BALTIC? \u2705 M\u0101jas lapu izstr\u0101de [&hellip;]<\/p>\n","protected":false},"author":1,"featured_media":2043,"parent":0,"menu_order":0,"comment_status":"closed","ping_status":"closed","template":"","meta":{"footnotes":""},"class_list":["post-2335","page","type-page","status-publish","has-post-thumbnail","hentry"],"_links":{"self":[{"href":"https:\/\/smartweb.lv\/en\/wp-json\/wp\/v2\/pages\/2335","targetHints":{"allow":["GET"]}}],"collection":[{"href":"https:\/\/smartweb.lv\/en\/wp-json\/wp\/v2\/pages"}],"about":[{"href":"https:\/\/smartweb.lv\/en\/wp-json\/wp\/v2\/types\/page"}],"author":[{"embeddable":true,"href":"https:\/\/smartweb.lv\/en\/wp-json\/wp\/v2\/users\/1"}],"replies":[{"embeddable":true,"href":"https:\/\/smartweb.lv\/en\/wp-json\/wp\/v2\/comments?post=2335"}],"version-history":[{"count":0,"href":"https:\/\/smartweb.lv\/en\/wp-json\/wp\/v2\/pages\/2335\/revisions"}],"wp:featuredmedia":[{"embeddable":true,"href":"https:\/\/smartweb.lv\/en\/wp-json\/wp\/v2\/media\/2043"}],"wp:attachment":[{"href":"https:\/\/smartweb.lv\/en\/wp-json\/wp\/v2\/media?parent=2335"}],"curies":[{"name":"wp","href":"https:\/\/api.w.org\/{rel}","templated":true}]}}