{"id":2078,"date":"2024-12-09T15:15:18","date_gmt":"2024-12-09T15:15:18","guid":{"rendered":"https:\/\/smartweb.lv\/?page_id=2078"},"modified":"2026-04-08T08:27:53","modified_gmt":"2026-04-08T08:27:53","slug":"datenschutzerklaerung","status":"publish","type":"page","link":"https:\/\/smartweb.lv\/de\/privatuma-politika\/","title":{"rendered":"DATENSCHUTZPOLITIK"},"content":{"rendered":"<div data-elementor-type=\"wp-page\" data-elementor-id=\"2078\" class=\"elementor elementor-2078\" data-elementor-post-type=\"page\">\n\t\t\t\t<div class=\"elementor-element elementor-element-226f23f e-flex e-con-boxed e-con e-parent\" data-id=\"226f23f\" data-element_type=\"container\" data-e-type=\"container\">\n\t\t\t\t\t<div class=\"e-con-inner\">\n\t\t<div class=\"elementor-element elementor-element-c670144 e-con-full e-flex e-con e-child\" data-id=\"c670144\" data-element_type=\"container\" data-e-type=\"container\">\n\t\t\t\t<div class=\"elementor-element elementor-element-a6a5134 elementor-widget elementor-widget-heading\" data-id=\"a6a5134\" data-element_type=\"widget\" data-e-type=\"widget\" data-widget_type=\"heading.default\">\n\t\t\t\t\t<h1 class=\"elementor-heading-title elementor-size-default\">Datenschutzbestimmungen f\u00fcr www.smartweb.lv<\/h1>\t\t\t\t<\/div>\n\t\t\t\t<div class=\"elementor-element elementor-element-a74d3ed elementor-widget elementor-widget-text-editor\" data-id=\"a74d3ed\" data-element_type=\"widget\" data-e-type=\"widget\" data-widget_type=\"text-editor.default\">\n\t\t\t\t\t\t\t\t\t<p><strong>Inkrafttreten: 09.12.2024.<\/strong><\/p><p>SMARTWEB (\u201cwir\u201d, \u201cunser\u201d, \u201cuns\u201d) verpflichtet sich, Ihre Privatsph\u00e4re zu sch\u00fctzen und zu respektieren. Diese Datenschutzrichtlinie erkl\u00e4rt, wie wir Ihre pers\u00f6nlichen Daten sammeln, verwenden und weitergeben, wenn Sie unsere Website besuchen <strong><a target=\"_new\" rel=\"noopener\">www.smartweb.lv<\/a><\/strong> und mit unseren Dienstleistungen interagieren. Diese Richtlinie steht im Einklang mit der Allgemeinen Datenschutzverordnung der Europ\u00e4ischen Union (GDPR) und den lettischen Datenschutzgesetzen.<\/p><h4>1. <strong>Datenkontrolleur<\/strong><\/h4><p>SMARTWEB ist der f\u00fcr die Verarbeitung Ihrer pers\u00f6nlichen Daten verantwortliche Dateninhaber. Unsere Kontaktdaten:<\/p><p><strong>SMARTWEB BALTIC O\u00dc<br \/><\/strong>E-Mail: info@smartweb.lv<br \/>Telefon: +371 29228705<br \/>Eingetragener Sitz: Pae tn 80, Lasnam\u00e4e linnaosa, 13620 Tallinn, Harju maakond, Eesti<br \/>Tats\u00e4chliche Adresse: M\u0101lpils-Stra\u00dfe 6, Sigulda, Lettland, LV-2150<\/p><h4>2. <strong>Informationen, die wir sammeln<\/strong><\/h4><p>Wir sammeln die folgenden Arten von Daten:<\/p><ul><li><strong>Pers\u00f6nlich identifizierbare Informationen<\/strong>Name, E-Mail-Adresse, Telefonnummer, Firmenname und andere Daten, die Sie bei der Registrierung, dem Abonnement unserer Dienste oder der Kontaktaufnahme mit uns angeben.<\/li><li><strong>Nicht pers\u00f6nlich identifizierbare Informationen<\/strong>Daten \u00fcber Ihr Ger\u00e4t, den Browsertyp, die IP-Adresse und Nutzungsdaten im Zusammenhang mit Ihrem Besuch auf unserer Website.<\/li><\/ul><h4>3. <strong>Rechtsgrundlage f\u00fcr die Verarbeitung personenbezogener Daten<\/strong><\/h4><p>Wir verarbeiten personenbezogene Daten aus den folgenden Rechtsgr\u00fcnden:<\/p><ul><li><strong>Zug\u00e4nglich unter<\/strong>wenn Sie Ihre Zustimmung erteilen (z. B. durch das Abonnement unseres Newsletters oder die Kontaktaufnahme mit unserem Support-Service).<\/li><li><strong>Ausf\u00fchrung des Vertrags<\/strong>um einen Vertrag oder eine vertragliche Vereinbarung, die Sie mit uns getroffen haben, zu erf\u00fcllen (z. B. die Erbringung unserer Dienstleistungen).<\/li><li><strong>Berechtigte Interessen<\/strong>: um unsere Website zu verbessern, die Sicherheit zu gew\u00e4hrleisten und mit unseren Kunden zu kommunizieren.<\/li><li><strong>Rechtliche Verpflichtungen<\/strong>wenn die Verarbeitung zur Erf\u00fcllung einer rechtlichen Verpflichtung erforderlich ist (z. B. f\u00fcr steuerliche oder buchhalterische Zwecke).<\/li><\/ul><h4>4. <strong>Wie wir Ihre Informationen verwenden<\/strong><\/h4><p>Wir verwenden die von uns gesammelten Informationen f\u00fcr die folgenden Aktivit\u00e4ten:<\/p><ul><li>Zur Bereitstellung, Pflege und Verbesserung unserer Website und Dienstleistungen.<\/li><li>Zur Beantwortung Ihrer Fragen, Kommentare oder Supportanfragen.<\/li><li>Um Ihnen Nachrichten, Aktualisierungen oder Marketingmaterial zuzusenden (nur mit Ihrer Zustimmung).<\/li><li>Zur \u00dcberwachung und Analyse von Trends, zur Verbesserung unserer Website und zur Gew\u00e4hrleistung ihrer Sicherheit.<\/li><\/ul><h4>5. <strong>Cookies und Tracking-Technologien<\/strong><\/h4><p>Wir verwenden Cookies und \u00e4hnliche Technologien, um Ihr Erlebnis zu verbessern, den Website-Verkehr zu analysieren, das Nutzerverhalten zu verfolgen und die Funktionalit\u00e4t der Website zu verbessern. Sie k\u00f6nnen Cookies \u00fcber Ihre Browsereinstellungen verwalten. Ausf\u00fchrlichere Informationen \u00fcber Cookies finden Sie in unserer Cookie-Richtlinie.<\/p><h4>6. <strong>Gemeinsame Nutzung und \u00dcbermittlung von Daten<\/strong><\/h4><p>Wir verkaufen, \u00fcbertragen oder vermieten Ihre pers\u00f6nlichen Daten nicht an Dritte. Wir k\u00f6nnen Ihre Daten jedoch an vertrauensw\u00fcrdige Drittanbieter weitergeben, die uns bei der F\u00fchrung unserer Gesch\u00e4fte und der Bereitstellung von Dienstleistungen unterst\u00fctzen (z. B. Gasthosting, Zahlungsabwicklung, E-Mail-Dienste).<\/p><p>Wenn wir personenbezogene Daten au\u00dferhalb des Europ\u00e4ischen Wirtschaftsraums (EWR) \u00fcbermitteln, stellen wir sicher, dass angemessene Sicherheitsvorkehrungen getroffen werden, um Ihre Daten im Einklang mit der DSGVO zu sch\u00fctzen.<\/p><h4>7. <strong>Speicherung von Daten<\/strong><\/h4><p>Wir bewahren Ihre personenbezogenen Daten nur so lange auf, wie es f\u00fcr die Erf\u00fcllung der in dieser Datenschutzerkl\u00e4rung dargelegten Zwecke erforderlich ist, einschlie\u00dflich f\u00fcr rechtliche oder buchhalterische Zwecke. Wenn Sie m\u00f6chten, dass wir Ihre Daten l\u00f6schen, setzen Sie sich bitte mit uns in Verbindung und wir werden Ihrer Bitte nach M\u00f6glichkeit nachkommen.<\/p><h4>8. <strong>Ihre Rechte<\/strong><\/h4><p>Nach der DSGVO haben Sie die folgenden Rechte:<\/p><ul><li><strong>Recht auf Zugang<\/strong>: Sie haben das Recht, Zugang zu Ihren pers\u00f6nlichen Daten zu verlangen und Informationen \u00fcber die Verarbeitung Ihrer pers\u00f6nlichen Daten zu erhalten.<\/li><li><strong>Recht auf Berichtigung<\/strong>: Sie k\u00f6nnen beantragen, dass ungenaue oder unvollst\u00e4ndige Daten berichtigt werden.<\/li><li><strong>Recht auf L\u00f6schung<\/strong>: Sie k\u00f6nnen die L\u00f6schung Ihrer personenbezogenen Daten beantragen, wenn sie f\u00fcr die Zwecke, f\u00fcr die sie erhoben wurden, nicht mehr erforderlich sind.<\/li><li><strong>Recht auf Einschr\u00e4nkung der Verarbeitung<\/strong>: Sie k\u00f6nnen in bestimmten F\u00e4llen die Einschr\u00e4nkung der Datenverarbeitung verlangen.<\/li><li><strong>Recht auf Daten\u00fcbertragbarkeit<\/strong>: Sie k\u00f6nnen die \u00dcbermittlung Ihrer personenbezogenen Daten an einen anderen f\u00fcr die Datenverarbeitung Verantwortlichen in einem strukturierten, allgemein gebr\u00e4uchlichen Format beantragen.<\/li><li><strong>Recht auf Widerspruch<\/strong>: Sie haben das Recht, der Verarbeitung personenbezogener Daten in bestimmten F\u00e4llen zu widersprechen.<\/li><li><strong>Recht auf Widerruf der Zustimmung<\/strong>: Wenn die Verarbeitung auf einer Einwilligung beruht, haben Sie das Recht, diese jederzeit zu widerrufen.<\/li><\/ul><p>Um von diesem Recht Gebrauch zu machen, kontaktieren Sie uns bitte unter info@smartweb.lv.<\/p><h4>9. <strong>Sicherheit der Daten<\/strong><\/h4><p>Wir setzen geeignete technische und organisatorische Ma\u00dfnahmen ein, um Ihre personenbezogenen Daten vor unbefugtem Zugriff, Ver\u00e4nderung oder Zerst\u00f6rung zu sch\u00fctzen. Allerdings ist keine Daten\u00fcbertragung \u00fcber das Internet vollkommen sicher, und wir k\u00f6nnen die vollst\u00e4ndige Sicherheit Ihrer Daten nicht garantieren.<\/p><h4>10. <strong>Verwandte Links von Dritten<\/strong><\/h4><p>Unsere Website kann Links zu Websites von Dritten enthalten. Wir sind nicht verantwortlich f\u00fcr die Datenschutzrichtlinien oder den Inhalt dieser Websites. Wir empfehlen Ihnen, die Datenschutzrichtlinien dieser Websites Dritter zu pr\u00fcfen.<\/p><h4>11. <strong>\u00c4nderungen an dieser Datenschutzrichtlinie<\/strong><\/h4><p>Wir behalten uns vor, diese Datenschutzrichtlinie von Zeit zu Zeit zu aktualisieren, um \u00c4nderungen an unseren Praktiken oder an den gesetzlichen Anforderungen Rechnung zu tragen. Wenn \u00c4nderungen vorgenommen werden, werden sie auf dieser Seite ver\u00f6ffentlicht und das \u201cDatum des Inkrafttretens\u201d wird aktualisiert.<\/p><h4>12. <strong>Kontakt<\/strong><\/h4><p>Wenn Sie Fragen zu dieser Datenschutzrichtlinie haben, wenden Sie sich bitte an uns:<\/p><p><strong>SMARTWEB BALTIC O\u00dc<br \/><\/strong>E-Mail: info@smartweb.lv<br \/>Telefon: +371 29228705<br \/>Eingetragener Sitz: Pae tn 80, Lasnam\u00e4e linnaosa, 13620 Tallinn, Harju maakond, Eesti<br \/>Tats\u00e4chliche Adresse: M\u0101lpils-Stra\u00dfe 6, Sigulda, Lettland, LV-2150<\/p>\t\t\t\t\t\t\t\t<\/div>\n\t\t\t\t<\/div>\n\t\t\t\t\t<\/div>\n\t\t\t\t<\/div>\n\t\t\t\t<\/div>","protected":false},"excerpt":{"rendered":"<p>Priv\u0101tuma politika vietnei www.smartweb.lv St\u0101jas sp\u0113k\u0101: 09.12.2024. SMARTWEB (&#8220;m\u0113s&#8221;, &#8220;m\u016bsu&#8221;, &#8220;m\u016bs&#8221;) ir ap\u0146\u0113musies aizsarg\u0101t un cien\u012bt j\u016bsu priv\u0101tumu. \u0160\u012b Priv\u0101tuma politika izskaidro, k\u0101 m\u0113s v\u0101cam, izmantojam un kop\u012bgojam j\u016bsu personas datus, kad apmekl\u0113jat m\u016bsu m\u0101jaslapu www.smartweb.lv un mijiedarbojaties ar m\u016bsu pakalpojumiem. \u0160\u012b politika ir atbilsto\u0161a Eiropas Savien\u012bbas Visp\u0101r\u012bgajam datu aizsardz\u012bbas regul\u0113jumam (GDPR) un Latvijas datu [&hellip;]<\/p>\n","protected":false},"author":1,"featured_media":2043,"parent":0,"menu_order":0,"comment_status":"closed","ping_status":"closed","template":"","meta":{"footnotes":""},"class_list":["post-2078","page","type-page","status-publish","has-post-thumbnail","hentry"],"_links":{"self":[{"href":"https:\/\/smartweb.lv\/de\/wp-json\/wp\/v2\/pages\/2078","targetHints":{"allow":["GET"]}}],"collection":[{"href":"https:\/\/smartweb.lv\/de\/wp-json\/wp\/v2\/pages"}],"about":[{"href":"https:\/\/smartweb.lv\/de\/wp-json\/wp\/v2\/types\/page"}],"author":[{"embeddable":true,"href":"https:\/\/smartweb.lv\/de\/wp-json\/wp\/v2\/users\/1"}],"replies":[{"embeddable":true,"href":"https:\/\/smartweb.lv\/de\/wp-json\/wp\/v2\/comments?post=2078"}],"version-history":[{"count":3,"href":"https:\/\/smartweb.lv\/de\/wp-json\/wp\/v2\/pages\/2078\/revisions"}],"predecessor-version":[{"id":4726,"href":"https:\/\/smartweb.lv\/de\/wp-json\/wp\/v2\/pages\/2078\/revisions\/4726"}],"wp:featuredmedia":[{"embeddable":true,"href":"https:\/\/smartweb.lv\/de\/wp-json\/wp\/v2\/media\/2043"}],"wp:attachment":[{"href":"https:\/\/smartweb.lv\/de\/wp-json\/wp\/v2\/media?parent=2078"}],"curies":[{"name":"wp","href":"https:\/\/api.w.org\/{rel}","templated":true}]}}