{"id":1030,"date":"2024-01-18T10:54:35","date_gmt":"2024-01-18T10:54:35","guid":{"rendered":"https:\/\/smartweb.lv\/about-us-2\/"},"modified":"2026-03-30T15:08:54","modified_gmt":"2026-03-30T15:08:54","slug":"uber-uns","status":"publish","type":"page","link":"https:\/\/smartweb.lv\/de\/par-mums\/","title":{"rendered":"\u00dcBER UNS"},"content":{"rendered":"<div data-elementor-type=\"wp-page\" data-elementor-id=\"1030\" class=\"elementor elementor-1030\" data-elementor-post-type=\"page\">\n\t\t\t\t<div class=\"elementor-element elementor-element-7d9416c e-con-full e-flex e-con e-parent\" data-id=\"7d9416c\" data-element_type=\"container\" data-e-type=\"container\">\n\t\t<div class=\"elementor-element elementor-element-b33931b e-con-full animated-slow e-flex elementor-invisible e-con e-child\" data-id=\"b33931b\" data-element_type=\"container\" data-e-type=\"container\" data-settings=\"{&quot;animation&quot;:&quot;fadeIn&quot;}\">\n\t\t<div class=\"elementor-element elementor-element-5bc417c e-con-full e-flex e-con e-child\" data-id=\"5bc417c\" data-element_type=\"container\" data-e-type=\"container\">\n\t\t<div class=\"elementor-element elementor-element-04d3613 e-con-full e-flex e-con e-child\" data-id=\"04d3613\" data-element_type=\"container\" data-e-type=\"container\">\n\t\t\t\t<div class=\"elementor-element elementor-element-aed2240 elementor-widget elementor-widget-heading\" data-id=\"aed2240\" data-element_type=\"widget\" data-e-type=\"widget\" data-widget_type=\"heading.default\">\n\t\t\t\t\t<h1 class=\"elementor-heading-title elementor-size-default\">Professionelle Dienstleistung<\/h1>\t\t\t\t<\/div>\n\t\t\t\t<div class=\"elementor-element elementor-element-0af9442 elementor-widget__width-initial elementor-widget-tablet_extra__width-inherit elementor-widget-tablet__width-inherit elementor-widget-mobile_extra__width-inherit elementor-widget-mobile__width-inherit elementor-invisible elementor-widget elementor-widget-text-editor\" data-id=\"0af9442\" data-element_type=\"widget\" data-e-type=\"widget\" data-settings=\"{&quot;_animation&quot;:&quot;fadeInDown&quot;}\" data-widget_type=\"text-editor.default\">\n\t\t\t\t\t\t\t\t\t<p>Wir sind ein professionelles Team mit langj\u00e4hriger Erfahrung in verschiedenen IT-L\u00f6sungen. In den letzten Jahren haben wir uns auf Smart-Home-Technologien konzentriert, die wir auch erfolgreich in Unternehmen integriert haben, um deren Arbeit effizienter zu machen.<\/p>\t\t\t\t\t\t\t\t<\/div>\n\t\t\t\t<\/div>\n\t\t\t\t<\/div>\n\t\t\t\t<div class=\"elementor-element elementor-element-6467c9d animated-slow elementor-invisible elementor-widget elementor-widget-heading\" data-id=\"6467c9d\" data-element_type=\"widget\" data-e-type=\"widget\" data-settings=\"{&quot;_animation&quot;:&quot;fadeInUp&quot;,&quot;_animation_delay&quot;:600}\" data-widget_type=\"heading.default\">\n\t\t\t\t\t<span class=\"elementor-heading-title elementor-size-default\">Qualit\u00e4t<\/span>\t\t\t\t<\/div>\n\t\t\t\t<\/div>\n\t\t<div class=\"elementor-element elementor-element-4eb30ab e-con-full animated-slow e-flex elementor-invisible e-con e-child\" data-id=\"4eb30ab\" data-element_type=\"container\" data-e-type=\"container\" data-settings=\"{&quot;background_background&quot;:&quot;classic&quot;,&quot;shape_divider_bottom&quot;:&quot;arrow&quot;,&quot;animation&quot;:&quot;fadeIn&quot;,&quot;animation_delay&quot;:200}\">\n\t\t\t\t<div class=\"elementor-shape elementor-shape-bottom\" aria-hidden=\"true\" data-negative=\"false\">\n\t\t\t<svg xmlns=\"http:\/\/www.w3.org\/2000\/svg\" viewbox=\"0 0 700 10\" preserveaspectratio=\"none\">\n\t<path class=\"elementor-shape-fill\" d=\"M350,10L340,0h20L350,10z\"\/>\n<\/svg>\t\t<\/div>\n\t\t\t\t<\/div>\n\t\t\t\t<\/div>\n\t\t<div class=\"elementor-element elementor-element-1f31d62 e-flex e-con-boxed e-con e-parent\" data-id=\"1f31d62\" data-element_type=\"container\" data-e-type=\"container\">\n\t\t\t\t\t<div class=\"e-con-inner\">\n\t\t\t\t<div class=\"elementor-element elementor-element-836c7a1 elementor-align-center elementor-widget elementor-widget-lottie\" data-id=\"836c7a1\" data-element_type=\"widget\" data-e-type=\"widget\" data-settings=\"{&quot;source_json&quot;:{&quot;url&quot;:&quot;https:\\\/\\\/smartweb.lv\\\/wp-content\\\/uploads\\\/2026\\\/01\\\/lottieflow-scroll-down-04-2-000000-easey.json&quot;,&quot;id&quot;:3675,&quot;size&quot;:&quot;&quot;,&quot;alt&quot;:&quot;&quot;,&quot;source&quot;:&quot;library&quot;},&quot;source&quot;:&quot;media_file&quot;,&quot;caption_source&quot;:&quot;none&quot;,&quot;link_to&quot;:&quot;none&quot;,&quot;trigger&quot;:&quot;arriving_to_viewport&quot;,&quot;viewport&quot;:{&quot;unit&quot;:&quot;%&quot;,&quot;size&quot;:&quot;&quot;,&quot;sizes&quot;:{&quot;start&quot;:0,&quot;end&quot;:100}},&quot;play_speed&quot;:{&quot;unit&quot;:&quot;px&quot;,&quot;size&quot;:1,&quot;sizes&quot;:[]},&quot;start_point&quot;:{&quot;unit&quot;:&quot;%&quot;,&quot;size&quot;:0,&quot;sizes&quot;:[]},&quot;end_point&quot;:{&quot;unit&quot;:&quot;%&quot;,&quot;size&quot;:100,&quot;sizes&quot;:[]},&quot;renderer&quot;:&quot;svg&quot;}\" data-widget_type=\"lottie.default\">\n\t\t\t\t\t<div class=\"e-lottie__container\"><div class=\"e-lottie__animation\"><\/div><\/div>\t\t\t\t<\/div>\n\t\t\t\t\t<\/div>\n\t\t\t\t<\/div>\n\t\t<div class=\"elementor-element elementor-element-41d3213 e-con-full e-flex e-con e-parent\" data-id=\"41d3213\" data-element_type=\"container\" data-e-type=\"container\">\n\t\t<div class=\"elementor-element elementor-element-24a4c61 e-con-full animated-slow e-flex elementor-invisible e-con e-child\" data-id=\"24a4c61\" data-element_type=\"container\" data-e-type=\"container\" data-settings=\"{&quot;background_background&quot;:&quot;classic&quot;,&quot;animation&quot;:&quot;fadeIn&quot;,&quot;animation_delay&quot;:300}\">\n\t\t\t\t<\/div>\n\t\t<div class=\"elementor-element elementor-element-500f62b e-con-full animated-slow e-flex elementor-invisible e-con e-child\" data-id=\"500f62b\" data-element_type=\"container\" data-e-type=\"container\" data-settings=\"{&quot;animation&quot;:&quot;fadeIn&quot;}\">\n\t\t\t\t<div class=\"elementor-element elementor-element-2ce1244 elementor-widget__width-initial elementor-widget elementor-widget-heading\" data-id=\"2ce1244\" data-element_type=\"widget\" data-e-type=\"widget\" data-widget_type=\"heading.default\">\n\t\t\t\t\t<h2 class=\"elementor-heading-title elementor-size-default\">Neue Herausforderungen <\/h2>\t\t\t\t<\/div>\n\t\t\t\t<div class=\"elementor-element elementor-element-34334fd elementor-widget__width-initial elementor-widget elementor-widget-text-editor\" data-id=\"34334fd\" data-element_type=\"widget\" data-e-type=\"widget\" data-widget_type=\"text-editor.default\">\n\t\t\t\t\t\t\t\t\t<p>Die IT-Technologie entwickelt sich also jedes Jahr weiter, oft schneller als die Nutzer der Waren oder Dienstleistungen selbst. Unser Team ist bereit, auf jede erdenkliche Weise zu helfen, da wir selbst oft durch neue Projekte, die wir nicht kennen, neue Dinge lernen.\u00a0<\/p><p>\u00a0<\/p>\t\t\t\t\t\t\t\t<\/div>\n\t\t\t\t<\/div>\n\t\t\t\t<\/div>\n\t\t<div class=\"elementor-element elementor-element-248e346 e-flex e-con-boxed e-con e-parent\" data-id=\"248e346\" data-element_type=\"container\" data-e-type=\"container\">\n\t\t\t\t\t<div class=\"e-con-inner\">\n\t\t<div class=\"elementor-element elementor-element-06ec3d0 e-con-full animated-slow e-flex elementor-invisible e-con e-child\" data-id=\"06ec3d0\" data-element_type=\"container\" data-e-type=\"container\" data-settings=\"{&quot;animation&quot;:&quot;fadeIn&quot;}\">\n\t\t\t\t<div class=\"elementor-element elementor-element-c8f8f69 elementor-widget__width-initial elementor-widget elementor-widget-heading\" data-id=\"c8f8f69\" data-element_type=\"widget\" data-e-type=\"widget\" data-widget_type=\"heading.default\">\n\t\t\t\t\t<h3 class=\"elementor-heading-title elementor-size-default\">Perfektionismus ist die Grundlage von allem<\/h3>\t\t\t\t<\/div>\n\t\t\t\t<div class=\"elementor-element elementor-element-57da23b elementor-widget__width-initial elementor-widget elementor-widget-text-editor\" data-id=\"57da23b\" data-element_type=\"widget\" data-e-type=\"widget\" data-widget_type=\"text-editor.default\">\n\t\t\t\t\t\t\t\t\t<p>Ich bin der CEO von SMARTWEB BALTIC O\u00dc und habe viele Jahre Erfahrung in der digitalen Produktentwicklung. Meine Aufgabe ist es, Unternehmen dabei zu helfen, ihre Gesch\u00e4ftsziele in leistungsstarke und funktionale digitale Werkzeuge umzusetzen. Bei der Verwaltung von Entwicklungsprozessen bin ich nicht auf eine bestimmte Plattform beschr\u00e4nkt - meine Priorit\u00e4t ist es, die Technologie zu finden, die das Gesch\u00e4ftswachstum des Kunden am besten unterst\u00fctzt. Ich \u00fcberwache den gesamten Zyklus, um sicherzustellen, dass jedes Projekt nicht nur visuell \u00e4sthetisch, sondern vor allem technisch nachhaltig und ein effektives Verkaufsinstrument ist.<\/p>\t\t\t\t\t\t\t\t<\/div>\n\t\t\t\t<\/div>\n\t\t<div class=\"elementor-element elementor-element-3b33678 e-con-full animated-slow e-flex elementor-invisible e-con e-child\" data-id=\"3b33678\" data-element_type=\"container\" data-e-type=\"container\" data-settings=\"{&quot;animation&quot;:&quot;fadeIn&quot;,&quot;animation_delay&quot;:300}\">\n\t\t\t\t<div class=\"elementor-element elementor-element-9492bec elementor-widget elementor-widget-image\" data-id=\"9492bec\" data-element_type=\"widget\" data-e-type=\"widget\" data-widget_type=\"image.default\">\n\t\t\t\t\t\t\t\t\t\t\t\t\t\t\t<img fetchpriority=\"high\" decoding=\"async\" width=\"800\" height=\"800\" src=\"https:\/\/smartweb.lv\/wp-content\/uploads\/2026\/01\/Profils-1024x1024.png\" class=\"attachment-large size-large wp-image-3850\" alt=\"IT-Dienstleistungen\" srcset=\"https:\/\/smartweb.lv\/wp-content\/uploads\/2026\/01\/Profils-1024x1024.png 1024w, https:\/\/smartweb.lv\/wp-content\/uploads\/2026\/01\/Profils-300x300.png 300w, https:\/\/smartweb.lv\/wp-content\/uploads\/2026\/01\/Profils-150x150.png 150w, https:\/\/smartweb.lv\/wp-content\/uploads\/2026\/01\/Profils-768x768.png 768w, https:\/\/smartweb.lv\/wp-content\/uploads\/2026\/01\/Profils-12x12.png 12w, https:\/\/smartweb.lv\/wp-content\/uploads\/2026\/01\/Profils.png 1080w\" sizes=\"(max-width: 800px) 100vw, 800px\" title=\"\">\t\t\t\t\t\t\t\t\t\t\t\t\t\t\t<\/div>\n\t\t\t\t<div class=\"elementor-element elementor-element-4607acd elementor-icon-list--layout-inline elementor-align-center elementor-list-item-link-full_width elementor-widget elementor-widget-icon-list\" data-id=\"4607acd\" data-element_type=\"widget\" data-e-type=\"widget\" data-widget_type=\"icon-list.default\">\n\t\t\t\t\t\t\t<ul class=\"elementor-icon-list-items elementor-inline-items\">\n\t\t\t\t\t\t\t<li class=\"elementor-icon-list-item elementor-inline-item\">\n\t\t\t\t\t\t\t\t\t\t\t<span class=\"elementor-icon-list-icon\">\n\t\t\t\t\t\t\t<svg xmlns=\"http:\/\/www.w3.org\/2000\/svg\" xmlns:xlink=\"http:\/\/www.w3.org\/1999\/xlink\" width=\"800px\" height=\"800px\" viewbox=\"0 0 36 36\" aria-hidden=\"true\" role=\"img\" class=\"iconify iconify--twemoji\" preserveaspectratio=\"xMidYMid meet\"><path fill=\"#9E3039\" d=\"M32 5H4a4 4 0 0 0-4 4v6h36V9a4 4 0 0 0-4-4zm0 26H4a4 4 0 0 1-4-4v-6h36v6a4 4 0 0 1-4 4z\"><\/path><path fill=\"#EEE\" d=\"M0 15h36v6H0z\"><\/path><\/svg>\t\t\t\t\t\t<\/span>\n\t\t\t\t\t\t\t\t\t\t<span class=\"elementor-icon-list-text\"><\/span>\n\t\t\t\t\t\t\t\t\t<\/li>\n\t\t\t\t\t\t\t\t<li class=\"elementor-icon-list-item elementor-inline-item\">\n\t\t\t\t\t\t\t\t\t\t\t<span class=\"elementor-icon-list-icon\">\n\t\t\t\t\t\t\t<svg xmlns=\"http:\/\/www.w3.org\/2000\/svg\" xmlns:xlink=\"http:\/\/www.w3.org\/1999\/xlink\" width=\"800px\" height=\"800px\" viewbox=\"0 0 36 36\" aria-hidden=\"true\" role=\"img\" class=\"iconify iconify--twemoji\" preserveaspectratio=\"xMidYMid meet\"><path fill=\"#00247D\" d=\"M0 9.059V13h5.628zM4.664 31H13v-5.837zM23 25.164V31h8.335zM0 23v3.941L5.63 23zM31.337 5H23v5.837zM36 26.942V23h-5.631zM36 13V9.059L30.371 13zM13 5H4.664L13 10.837z\"><\/path><path fill=\"#CF1B2B\" d=\"M25.14 23l9.712 6.801a3.977 3.977 0 0 0 .99-1.749L28.627 23H25.14zM13 23h-2.141l-9.711 6.8c.521.53 1.189.909 1.938 1.085L13 23.943V23zm10-10h2.141l9.711-6.8a3.988 3.988 0 0 0-1.937-1.085L23 12.057V13zm-12.141 0L1.148 6.2a3.994 3.994 0 0 0-.991 1.749L7.372 13h3.487z\"><\/path><path fill=\"#EEE\" d=\"M36 21H21v10h2v-5.836L31.335 31H32a3.99 3.99 0 0 0 2.852-1.199L25.14 23h3.487l7.215 5.052c.093-.337.158-.686.158-1.052v-.058L30.369 23H36v-2zM0 21v2h5.63L0 26.941V27c0 1.091.439 2.078 1.148 2.8l9.711-6.8H13v.943l-9.914 6.941c.294.07.598.116.914.116h.664L13 25.163V31h2V21H0zM36 9a3.983 3.983 0 0 0-1.148-2.8L25.141 13H23v-.943l9.915-6.942A4.001 4.001 0 0 0 32 5h-.663L23 10.837V5h-2v10h15v-2h-5.629L36 9.059V9zM13 5v5.837L4.664 5H4a3.985 3.985 0 0 0-2.852 1.2l9.711 6.8H7.372L.157 7.949A3.968 3.968 0 0 0 0 9v.059L5.628 13H0v2h15V5h-2z\"><\/path><path fill=\"#CF1B2B\" d=\"M21 15V5h-6v10H0v6h15v10h6V21h15v-6z\"><\/path><\/svg>\t\t\t\t\t\t<\/span>\n\t\t\t\t\t\t\t\t\t\t<span class=\"elementor-icon-list-text\"><\/span>\n\t\t\t\t\t\t\t\t\t<\/li>\n\t\t\t\t\t\t\t\t<li class=\"elementor-icon-list-item elementor-inline-item\">\n\t\t\t\t\t\t\t\t\t\t\t<span class=\"elementor-icon-list-icon\">\n\t\t\t\t\t\t\t<svg xmlns=\"http:\/\/www.w3.org\/2000\/svg\" xmlns:xlink=\"http:\/\/www.w3.org\/1999\/xlink\" width=\"800px\" height=\"800px\" viewbox=\"0 0 36 36\" aria-hidden=\"true\" role=\"img\" class=\"iconify iconify--twemoji\" preserveaspectratio=\"xMidYMid meet\"><path fill=\"#FFCD05\" d=\"M0 27a4 4 0 0 0 4 4h28a4 4 0 0 0 4-4v-4H0v4z\"><\/path><path fill=\"#ED1F24\" d=\"M0 14h36v9H0z\"><\/path><path fill=\"#141414\" d=\"M32 5H4a4 4 0 0 0-4 4v5h36V9a4 4 0 0 0-4-4z\"><\/path><\/svg>\t\t\t\t\t\t<\/span>\n\t\t\t\t\t\t\t\t\t\t<span class=\"elementor-icon-list-text\"><\/span>\n\t\t\t\t\t\t\t\t\t<\/li>\n\t\t\t\t\t\t\t\t<li class=\"elementor-icon-list-item elementor-inline-item\">\n\t\t\t\t\t\t\t\t\t\t\t<span class=\"elementor-icon-list-icon\">\n\t\t\t\t\t\t\t<svg xmlns=\"http:\/\/www.w3.org\/2000\/svg\" width=\"800px\" height=\"800px\" viewbox=\"0 -4 28 28\" fill=\"none\"><g clip-path=\"url(#clip0_503_2726)\"><rect x=\"0.25\" y=\"0.25\" width=\"27.5\" height=\"19.5\" rx=\"1.75\" fill=\"white\" stroke=\"#F5F5F5\" stroke-width=\"0.5\"><\/rect><mask id=\"mask0_503_2726\" style=\"mask-type:alpha\" maskunits=\"userSpaceOnUse\" x=\"0\" y=\"0\" width=\"28\" height=\"20\"><rect x=\"0.25\" y=\"0.25\" width=\"27.5\" height=\"19.5\" rx=\"1.75\" fill=\"white\" stroke=\"white\" stroke-width=\"0.5\"><\/rect><\/mask><g mask=\"url(#mask0_503_2726)\"><path fill-rule=\"evenodd\" clip-rule=\"evenodd\" d=\"M0 13.3333H28V6.66667H0V13.3333Z\" fill=\"#0C47B7\"><\/path><path fill-rule=\"evenodd\" clip-rule=\"evenodd\" d=\"M0 20H28V13.3333H0V20Z\" fill=\"#E53B35\"><\/path><\/g><\/g><defs><clippath id=\"clip0_503_2726\"><rect width=\"28\" height=\"20\" rx=\"2\" fill=\"white\"><\/rect><\/clippath><\/defs><\/svg>\t\t\t\t\t\t<\/span>\n\t\t\t\t\t\t\t\t\t\t<span class=\"elementor-icon-list-text\"><\/span>\n\t\t\t\t\t\t\t\t\t<\/li>\n\t\t\t\t\t\t<\/ul>\n\t\t\t\t\t\t<\/div>\n\t\t\t\t<div class=\"elementor-element elementor-element-50ee20c elementor-widget elementor-widget-heading\" data-id=\"50ee20c\" data-element_type=\"widget\" data-e-type=\"widget\" data-widget_type=\"heading.default\">\n\t\t\t\t\t<p class=\"elementor-heading-title elementor-size-default\">Leiter der digitalen Produktentwicklung | martin@smartweb.lv<\/p>\t\t\t\t<\/div>\n\t\t\t\t<div class=\"elementor-element elementor-element-6abb044 elementor-position-inline-start elementor-mobile-position-inline-start elementor-view-default elementor-widget elementor-widget-icon-box\" data-id=\"6abb044\" data-element_type=\"widget\" data-e-type=\"widget\" data-widget_type=\"icon-box.default\">\n\t\t\t\t\t\t\t<div class=\"elementor-icon-box-wrapper\">\n\n\t\t\t\t\t\t<div class=\"elementor-icon-box-icon\">\n\t\t\t\t<a href=\"https:\/\/www.linkedin.com\/in\/martin-vidovskis\/\" target=\"_blank\" rel=\"nofollow noopener\" class=\"elementor-icon\" tabindex=\"-1\">\n\t\t\t\t<svg aria-hidden=\"true\" class=\"e-font-icon-svg e-fab-linkedin\" viewbox=\"0 0 448 512\" xmlns=\"http:\/\/www.w3.org\/2000\/svg\"><path d=\"M416 32H31.9C14.3 32 0 46.5 0 64.3v383.4C0 465.5 14.3 480 31.9 480H416c17.6 0 32-14.5 32-32.3V64.3c0-17.8-14.4-32.3-32-32.3zM135.4 416H69V202.2h66.5V416zm-33.2-243c-21.3 0-38.5-17.3-38.5-38.5S80.9 96 102.2 96c21.2 0 38.5 17.3 38.5 38.5 0 21.3-17.2 38.5-38.5 38.5zm282.1 243h-66.4V312c0-24.8-.5-56.7-34.5-56.7-34.6 0-39.9 27-39.9 54.9V416h-66.4V202.2h63.7v29.2h.9c8.9-16.8 30.6-34.5 62.9-34.5 67.2 0 79.7 44.3 79.7 101.9V416z\"><\/path><\/svg>\t\t\t\t<\/a>\n\t\t\t<\/div>\n\t\t\t\n\t\t\t\t\t\t<div class=\"elementor-icon-box-content\">\n\n\t\t\t\t\n\t\t\t\t\t\t\t\t\t<p class=\"elementor-icon-box-description\">\n\t\t\t\t\t\tMartin\t\t\t\t\t<\/p>\n\t\t\t\t\n\t\t\t<\/div>\n\t\t\t\n\t\t<\/div>\n\t\t\t\t\t\t<\/div>\n\t\t\t\t<\/div>\n\t\t\t\t\t<\/div>\n\t\t\t\t<\/div>\n\t\t<div class=\"elementor-element elementor-element-1749582 e-con-full e-flex e-con e-parent\" data-id=\"1749582\" data-element_type=\"container\" data-e-type=\"container\" data-settings=\"{&quot;background_background&quot;:&quot;classic&quot;}\">\n\t\t<div class=\"elementor-element elementor-element-8746ef8 e-con-full e-flex e-con e-child\" data-id=\"8746ef8\" data-element_type=\"container\" data-e-type=\"container\">\n\t\t<div class=\"elementor-element elementor-element-8b68227 e-con-full e-flex e-con e-child\" data-id=\"8b68227\" data-element_type=\"container\" data-e-type=\"container\">\n\t\t<div class=\"elementor-element elementor-element-4c94276 e-con-full animated-slow e-flex elementor-invisible e-con e-child\" data-id=\"4c94276\" data-element_type=\"container\" data-e-type=\"container\" data-settings=\"{&quot;background_background&quot;:&quot;classic&quot;,&quot;animation&quot;:&quot;fadeIn&quot;,&quot;animation_delay&quot;:300}\">\n\t\t\t\t<\/div>\n\t\t<div class=\"elementor-element elementor-element-e56c667 e-con-full animated-slow e-flex elementor-invisible e-con e-child\" data-id=\"e56c667\" data-element_type=\"container\" data-e-type=\"container\" data-settings=\"{&quot;animation&quot;:&quot;fadeIn&quot;}\">\n\t\t\t\t<div class=\"elementor-element elementor-element-bd0c453 elementor-widget__width-initial elementor-widget elementor-widget-heading\" data-id=\"bd0c453\" data-element_type=\"widget\" data-e-type=\"widget\" data-widget_type=\"heading.default\">\n\t\t\t\t\t<h2 class=\"elementor-heading-title elementor-size-default\">Zusammenarbeit<\/h2>\t\t\t\t<\/div>\n\t\t\t\t<div class=\"elementor-element elementor-element-a12d0f8 elementor-widget__width-initial elementor-widget-mobile__width-inherit elementor-invisible elementor-widget elementor-widget-text-editor\" data-id=\"a12d0f8\" data-element_type=\"widget\" data-e-type=\"widget\" data-settings=\"{&quot;_animation&quot;:&quot;fadeIn&quot;}\" data-widget_type=\"text-editor.default\">\n\t\t\t\t\t\t\t\t\t<p>Wenn Sie Unternehmer sind und Ihr Unternehmen von einem Team von IT-Spezialisten betreuen lassen m\u00f6chten, bieten wir Ihnen eine Kooperationsvereinbarung an. Unser Team deckt alle Ihre IT-Bed\u00fcrfnisse ab, von der Website-Entwicklung und -Wartung bis hin zur Netzwerksicherheit und Gesch\u00e4ftsautomatisierung. Wir bieten Ihnen einen pers\u00f6nlichen, langfristigen Support, der sicherstellt, dass Ihre Systeme stets reibungslos funktionieren, damit Sie sich auf das Wachstum Ihres Unternehmens konzentrieren k\u00f6nnen. Lassen Sie uns zusammenarbeiten, um ein starkes digitales Fundament f\u00fcr Ihr Unternehmen zu schaffen.<\/p>\t\t\t\t\t\t\t\t<\/div>\n\t\t\t\t<\/div>\n\t\t\t\t<\/div>\n\t\t\t\t<div class=\"elementor-element elementor-element-683ac33 elementor-invisible elementor-widget elementor-widget-heading\" data-id=\"683ac33\" data-element_type=\"widget\" data-e-type=\"widget\" data-settings=\"{&quot;_animation&quot;:&quot;fadeInUp&quot;}\" data-widget_type=\"heading.default\">\n\t\t\t\t\t<span class=\"elementor-heading-title elementor-size-default\">smartweb<\/span>\t\t\t\t<\/div>\n\t\t\t\t<\/div>\n\t\t\t\t<\/div>\n\t\t\t\t<\/div>","protected":false},"excerpt":{"rendered":"<p>Profesion\u0101ls serviss Esam profesion\u0101la komanda ar daudzu gadu pieredzi da\u017e\u0101dos IT risin\u0101jumu izveid\u0113. P\u0113d\u0113jos gadus \u012bpa\u0161u uzman\u012bbu piev\u0113r\u0161am gudr\u0101s m\u0101jas tehnolo\u0123ij\u0101m, ko esam veiksm\u012bgi ar\u012b integr\u0113ju\u0161i uz\u0146\u0113mumos, ar kuru pal\u012bdz\u012bbu uz\u0146\u0113muma darbs notiek daudz efekt\u012bv\u0101k. kvalit\u0101te Jauni izaicin\u0101jumi T\u0101 ka IT tehnolo\u0123ijas ik gadu att\u012bst\u0101s un bie\u017ei vien tas notiek \u0101tr\u0101k, k\u0101 att\u012bst\u0101s pa\u0161i pre\u010du [&hellip;]<\/p>\n","protected":false},"author":1,"featured_media":2043,"parent":0,"menu_order":0,"comment_status":"closed","ping_status":"closed","template":"elementor_header_footer","meta":{"footnotes":""},"class_list":["post-1030","page","type-page","status-publish","has-post-thumbnail","hentry"],"_links":{"self":[{"href":"https:\/\/smartweb.lv\/de\/wp-json\/wp\/v2\/pages\/1030","targetHints":{"allow":["GET"]}}],"collection":[{"href":"https:\/\/smartweb.lv\/de\/wp-json\/wp\/v2\/pages"}],"about":[{"href":"https:\/\/smartweb.lv\/de\/wp-json\/wp\/v2\/types\/page"}],"author":[{"embeddable":true,"href":"https:\/\/smartweb.lv\/de\/wp-json\/wp\/v2\/users\/1"}],"replies":[{"embeddable":true,"href":"https:\/\/smartweb.lv\/de\/wp-json\/wp\/v2\/comments?post=1030"}],"version-history":[{"count":0,"href":"https:\/\/smartweb.lv\/de\/wp-json\/wp\/v2\/pages\/1030\/revisions"}],"wp:featuredmedia":[{"embeddable":true,"href":"https:\/\/smartweb.lv\/de\/wp-json\/wp\/v2\/media\/2043"}],"wp:attachment":[{"href":"https:\/\/smartweb.lv\/de\/wp-json\/wp\/v2\/media?parent=1030"}],"curies":[{"name":"wp","href":"https:\/\/api.w.org\/{rel}","templated":true}]}}