{"id":1009,"date":"2024-01-18T10:54:29","date_gmt":"2024-01-18T10:54:29","guid":{"rendered":"https:\/\/smartweb.lv\/workshop-2\/"},"modified":"2026-03-30T15:11:22","modified_gmt":"2026-03-30T15:11:22","slug":"dienstleistungen","status":"publish","type":"page","link":"https:\/\/smartweb.lv\/de\/pakalpojumi\/","title":{"rendered":"DIENSTLEISTUNGEN"},"content":{"rendered":"\t\t<div data-elementor-type=\"wp-page\" data-elementor-id=\"1009\" class=\"elementor elementor-1009\" data-elementor-post-type=\"page\">\n\t\t\t\t<div class=\"elementor-element elementor-element-784f6c7 e-con-full e-flex e-con e-parent\" data-id=\"784f6c7\" data-element_type=\"container\" data-e-type=\"container\">\n\t\t<div class=\"elementor-element elementor-element-ace47be e-con-full animated-slow e-flex elementor-invisible e-con e-child\" data-id=\"ace47be\" data-element_type=\"container\" data-e-type=\"container\" data-settings=\"{&quot;animation&quot;:&quot;fadeIn&quot;}\">\n\t\t<div class=\"elementor-element elementor-element-0215911 e-con-full e-flex e-con e-child\" data-id=\"0215911\" data-element_type=\"container\" data-e-type=\"container\">\n\t\t<div class=\"elementor-element elementor-element-2b1f713 e-con-full e-flex e-con e-child\" data-id=\"2b1f713\" data-element_type=\"container\" data-e-type=\"container\">\n\t\t\t\t<div class=\"elementor-element elementor-element-df50c1c elementor-widget elementor-widget-heading\" data-id=\"df50c1c\" data-element_type=\"widget\" data-e-type=\"widget\" data-widget_type=\"heading.default\">\n\t\t\t\t\t<h1 class=\"elementor-heading-title elementor-size-default\">M\u016bsu pakalpojumi\u200b<\/h1>\t\t\t\t<\/div>\n\t\t\t\t<div class=\"elementor-element elementor-element-e215ebc elementor-widget__width-initial elementor-widget-tablet_extra__width-inherit elementor-widget-tablet__width-inherit elementor-widget-mobile_extra__width-inherit elementor-widget-mobile__width-inherit elementor-invisible elementor-widget elementor-widget-text-editor\" data-id=\"e215ebc\" data-element_type=\"widget\" data-e-type=\"widget\" data-settings=\"{&quot;_animation&quot;:&quot;fadeInDown&quot;}\" data-widget_type=\"text-editor.default\">\n\t\t\t\t\t\t\t\t\t<p>Ja Tev ir nepiecie\u0161ams, jebk\u0101ds cits pakalpojums, m\u0113s Tev pal\u012bdz\u0113sim, jo mums ir pla\u0161a pieredze da\u017e\u0101du jaut\u0101jumu risin\u0101\u0161an\u0101. M\u0113s atrad\u012bsim risin\u0101jumu, kas tev vislab\u0101k b\u016bs nepiecie\u0161ams.<\/p>\t\t\t\t\t\t\t\t<\/div>\n\t\t\t\t<\/div>\n\t\t\t\t<\/div>\n\t\t\t\t<div class=\"elementor-element elementor-element-f6696c1 animated-slow elementor-invisible elementor-widget elementor-widget-heading\" data-id=\"f6696c1\" data-element_type=\"widget\" data-e-type=\"widget\" data-settings=\"{&quot;_animation&quot;:&quot;fadeInUp&quot;,&quot;_animation_delay&quot;:600}\" data-widget_type=\"heading.default\">\n\t\t\t\t\t<span class=\"elementor-heading-title elementor-size-default\">pieredz\u0113jusi komanda<\/span>\t\t\t\t<\/div>\n\t\t\t\t<\/div>\n\t\t<div class=\"elementor-element elementor-element-fe89f8e e-con-full animated-slow e-flex elementor-invisible e-con e-child\" data-id=\"fe89f8e\" data-element_type=\"container\" data-e-type=\"container\" data-settings=\"{&quot;background_background&quot;:&quot;classic&quot;,&quot;shape_divider_bottom&quot;:&quot;arrow&quot;,&quot;animation&quot;:&quot;fadeIn&quot;,&quot;animation_delay&quot;:200}\">\n\t\t\t\t<div class=\"elementor-shape elementor-shape-bottom\" aria-hidden=\"true\" data-negative=\"false\">\n\t\t\t<svg xmlns=\"http:\/\/www.w3.org\/2000\/svg\" viewBox=\"0 0 700 10\" preserveAspectRatio=\"none\">\n\t<path class=\"elementor-shape-fill\" d=\"M350,10L340,0h20L350,10z\"\/>\n<\/svg>\t\t<\/div>\n\t\t\t\t<\/div>\n\t\t\t\t<\/div>\n\t\t<div class=\"elementor-element elementor-element-ad73249 e-flex e-con-boxed e-con e-parent\" data-id=\"ad73249\" data-element_type=\"container\" data-e-type=\"container\">\n\t\t\t\t\t<div class=\"e-con-inner\">\n\t\t\t\t<div class=\"elementor-element elementor-element-599f99e elementor-align-center elementor-widget elementor-widget-lottie\" data-id=\"599f99e\" data-element_type=\"widget\" data-e-type=\"widget\" data-settings=\"{&quot;source_json&quot;:{&quot;url&quot;:&quot;https:\\\/\\\/smartweb.lv\\\/wp-content\\\/uploads\\\/2026\\\/01\\\/lottieflow-scroll-down-04-2-000000-easey.json&quot;,&quot;id&quot;:3675,&quot;size&quot;:&quot;&quot;,&quot;alt&quot;:&quot;&quot;,&quot;source&quot;:&quot;library&quot;},&quot;source&quot;:&quot;media_file&quot;,&quot;caption_source&quot;:&quot;none&quot;,&quot;link_to&quot;:&quot;none&quot;,&quot;trigger&quot;:&quot;arriving_to_viewport&quot;,&quot;viewport&quot;:{&quot;unit&quot;:&quot;%&quot;,&quot;size&quot;:&quot;&quot;,&quot;sizes&quot;:{&quot;start&quot;:0,&quot;end&quot;:100}},&quot;play_speed&quot;:{&quot;unit&quot;:&quot;px&quot;,&quot;size&quot;:1,&quot;sizes&quot;:[]},&quot;start_point&quot;:{&quot;unit&quot;:&quot;%&quot;,&quot;size&quot;:0,&quot;sizes&quot;:[]},&quot;end_point&quot;:{&quot;unit&quot;:&quot;%&quot;,&quot;size&quot;:100,&quot;sizes&quot;:[]},&quot;renderer&quot;:&quot;svg&quot;}\" data-widget_type=\"lottie.default\">\n\t\t\t\t\t<div class=\"e-lottie__container\"><div class=\"e-lottie__animation\"><\/div><\/div>\t\t\t\t<\/div>\n\t\t\t\t\t<\/div>\n\t\t\t\t<\/div>\n\t\t<div class=\"elementor-element elementor-element-f2062e8 e-con-full e-flex elementor-invisible e-con e-parent\" data-id=\"f2062e8\" data-element_type=\"container\" data-e-type=\"container\" data-settings=\"{&quot;motion_fx_motion_fx_mouse&quot;:&quot;yes&quot;,&quot;animation&quot;:&quot;fadeInUp&quot;}\">\n\t\t<div class=\"elementor-element elementor-element-e56b896 e-con-full animated-slow e-flex elementor-invisible e-con e-child\" data-id=\"e56b896\" data-element_type=\"container\" data-e-type=\"container\" data-settings=\"{&quot;background_background&quot;:&quot;classic&quot;,&quot;animation&quot;:&quot;fadeIn&quot;,&quot;animation_delay&quot;:300}\">\n\t\t\t\t<\/div>\n\t\t<div class=\"elementor-element elementor-element-82e82ae e-con-full animated-slow e-flex elementor-invisible e-con e-child\" data-id=\"82e82ae\" data-element_type=\"container\" data-e-type=\"container\" data-settings=\"{&quot;animation&quot;:&quot;fadeIn&quot;}\">\n\t\t\t\t<div class=\"elementor-element elementor-element-81cf177 elementor-widget elementor-widget-heading\" data-id=\"81cf177\" data-element_type=\"widget\" data-e-type=\"widget\" data-widget_type=\"heading.default\">\n\t\t\t\t\t<h2 class=\"elementor-heading-title elementor-size-default\">E-komercija<\/h2>\t\t\t\t<\/div>\n\t\t\t\t<div class=\"elementor-element elementor-element-6ea6a15 elementor-widget__width-initial elementor-widget elementor-widget-text-editor\" data-id=\"6ea6a15\" data-element_type=\"widget\" data-e-type=\"widget\" data-widget_type=\"text-editor.default\">\n\t\t\t\t\t\t\t\t\t<p>Lai interneta veikals darbotos nevainojami, izstr\u0101des process parasti tiek sadal\u012bts \u0161\u0101dos so\u013cos:<\/p><p><b>\u2192 Izp\u0113te un pl\u0101no\u0161ana:<\/b> M\u0113r\u0137auditorijas defin\u0113\u0161ana, konkurentu anal\u012bze un funkcion\u0101lo pras\u012bbu sast\u0101d\u012b\u0161ana (k\u0101das preces tiks tirgotas, k\u0101di maks\u0101jumu veidi nepiecie\u0161ami).<\/p><p><b>\u2192 UX (Lietot\u0101ja pieredze):<\/b> Vietnes strukt\u016bras jeb &#8220;skeleta&#8221; izveide, lai pirc\u0113js ce\u013cu no preces atra\u0161anas l\u012bdz pirkuma apmaksai veiktu p\u0113c iesp\u0113jas \u0101tr\u0101k un \u0113rt\u0101k.<\/p><p><b>\u2192 UI (Lietot\u0101ja interfeiss):<\/b> Vizu\u0101l\u0101 noform\u0113juma izstr\u0101de atbilsto\u0161i z\u012bmola identit\u0101tei.<\/p><p><b>\u2192 Programm\u0113\u0161ana (Development):<\/b><b><\/b><\/p><p><i>Front-end:<\/i> Redzam\u0101s da\u013cas izstr\u0101de, nodro\u0161inot, ka dizains ir &#8220;dz\u012bvs&#8221; un interakt\u012bvs.<\/p><p><i>Back-end:<\/i> Servera puses lo\u0123ika, datub\u0101zes, integr\u0101cijas ar noliktavas sist\u0113m\u0101m un maks\u0101jumu v\u0101rtiem.<\/p><p><b>\u2192 Test\u0113\u0161ana:<\/b> K\u013c\u016bdu nov\u0113r\u0161ana, \u0101trdarb\u012bbas p\u0101rbaude un sader\u012bbas testi da\u017e\u0101d\u0101s ier\u012bc\u0113s (mobilajos telefonos, plan\u0161et\u0113s).<\/p><p><b>\u2192 Palai\u0161ana un uztur\u0113\u0161ana:<\/b> Veikala publisko\u0161ana un turpm\u0101ka tehnisk\u0101 atbalsta nodro\u0161in\u0101\u0161ana.<\/p>\t\t\t\t\t\t\t\t<\/div>\n\t\t\t\t<div class=\"elementor-element elementor-element-618e003 elementor-invisible elementor-widget elementor-widget-button\" data-id=\"618e003\" data-element_type=\"widget\" data-e-type=\"widget\" data-settings=\"{&quot;_animation&quot;:&quot;fadeInDown&quot;}\" data-widget_type=\"button.default\">\n\t\t\t\t\t\t\t\t\t\t<a class=\"elementor-button elementor-button-link elementor-size-sm\" href=\"https:\/\/smartweb.lv\/de\/e-komercija-skandinavija-2026-celvedis-izstrade-smartweb-lv\/\">\n\t\t\t\t\t\t<span class=\"elementor-button-content-wrapper\">\n\t\t\t\t\t\t\t\t\t<span class=\"elementor-button-text\">Uzzin\u0101t vair\u0101k<\/span>\n\t\t\t\t\t<\/span>\n\t\t\t\t\t<\/a>\n\t\t\t\t\t\t\t\t<\/div>\n\t\t\t\t<\/div>\n\t\t\t\t<\/div>\n\t\t<div class=\"elementor-element elementor-element-892f01e e-con-full e-flex elementor-invisible e-con e-parent\" data-id=\"892f01e\" data-element_type=\"container\" data-e-type=\"container\" data-settings=\"{&quot;motion_fx_motion_fx_scrolling&quot;:&quot;yes&quot;,&quot;animation&quot;:&quot;fadeInUp&quot;,&quot;motion_fx_devices&quot;:[&quot;widescreen&quot;,&quot;desktop&quot;,&quot;laptop&quot;,&quot;tablet_extra&quot;,&quot;tablet&quot;,&quot;mobile_extra&quot;,&quot;mobile&quot;]}\">\n\t\t<div class=\"elementor-element elementor-element-5b72d7f e-con-full animated-slow e-flex elementor-invisible e-con e-child\" data-id=\"5b72d7f\" data-element_type=\"container\" data-e-type=\"container\" data-settings=\"{&quot;background_background&quot;:&quot;classic&quot;,&quot;animation&quot;:&quot;fadeIn&quot;,&quot;animation_delay&quot;:300}\">\n\t\t\t\t<\/div>\n\t\t<div class=\"elementor-element elementor-element-f8ffe77 e-con-full animated-slow e-flex elementor-invisible e-con e-child\" data-id=\"f8ffe77\" data-element_type=\"container\" data-e-type=\"container\" data-settings=\"{&quot;animation&quot;:&quot;fadeIn&quot;}\">\n\t\t\t\t<div class=\"elementor-element elementor-element-eb7a240 elementor-widget__width-initial elementor-widget elementor-widget-heading\" data-id=\"eb7a240\" data-element_type=\"widget\" data-e-type=\"widget\" data-widget_type=\"heading.default\">\n\t\t\t\t\t<h2 class=\"elementor-heading-title elementor-size-default\">Tehniskais IT atbalsts<\/h2>\t\t\t\t<\/div>\n\t\t\t\t<div class=\"elementor-element elementor-element-a27a042 elementor-widget__width-initial elementor-widget elementor-widget-text-editor\" data-id=\"a27a042\" data-element_type=\"widget\" data-e-type=\"widget\" data-widget_type=\"text-editor.default\">\n\t\t\t\t\t\t\t\t\t<p>Kvalitat\u012bvs IT atbalsts ietver \u010detrus galvenos virzienus:<\/p><p><b>\u2192 Monitorings un profilakse:<\/b> Sist\u0113mu uzraudz\u012bba 24\/7, lai paman\u012btu un nov\u0113rstu probl\u0113mas (piem\u0113ram, servera p\u0101rkar\u0161anu vai diska vietas tr\u016bkumu) pirms t\u0101s ietekm\u0113 darbu.<\/p><p><b>\u2192 Kiberdro\u0161\u012bba un datu aizsardz\u012bba:<\/b> Antiv\u012brusu p\u0101rvald\u012bba, ugunsm\u016bru konfigur\u0113\u0161ana, regul\u0101ra rezerves kopiju (backups) veido\u0161ana un atjaunin\u0101jumu (patches) uzst\u0101d\u012b\u0161ana.<\/p><p><b>\u2192 Lietot\u0101ju atbalsts:<\/b> Pal\u012bdz\u012bba darbiniekiem ikdienas jaut\u0101jumos, att\u0101lin\u0101t\u0101 piesl\u0113g\u0161an\u0101s (<i>Remote Desktop<\/i>) probl\u0113mu risin\u0101\u0161anai, jauno darbinieku tehniska ievad\u012b\u0161ana darb\u0101 (Onboarding).<\/p><p><b>\u2192 Infrastrukt\u016bras p\u0101rvald\u012bba:<\/b> Lok\u0101lo t\u012bklu (LAN), Wi-Fi, serveru, m\u0101ko\u0146pakalpojumu (Microsoft 365, Google Workspace) un ofisa tehnikas uztur\u0113\u0161ana.<\/p>\t\t\t\t\t\t\t\t<\/div>\n\t\t\t\t<div class=\"elementor-element elementor-element-b2d864c elementor-widget__width-initial elementor-widget-widescreen__width-initial elementor-invisible elementor-widget elementor-widget-button\" data-id=\"b2d864c\" data-element_type=\"widget\" data-e-type=\"widget\" data-settings=\"{&quot;_animation&quot;:&quot;fadeInDown&quot;}\" data-widget_type=\"button.default\">\n\t\t\t\t\t\t\t\t\t\t<a class=\"elementor-button elementor-button-link elementor-size-sm\" href=\"https:\/\/smartweb.lv\/de\/kvalitativs-it-atbalsts-uznemumiem\/\">\n\t\t\t\t\t\t<span class=\"elementor-button-content-wrapper\">\n\t\t\t\t\t\t\t\t\t<span class=\"elementor-button-text\">Uzzin\u0101t vair\u0101k<\/span>\n\t\t\t\t\t<\/span>\n\t\t\t\t\t<\/a>\n\t\t\t\t\t\t\t\t<\/div>\n\t\t\t\t<\/div>\n\t\t\t\t<\/div>\n\t\t<div class=\"elementor-element elementor-element-cedc63b e-con-full e-flex elementor-invisible e-con e-parent\" data-id=\"cedc63b\" data-element_type=\"container\" data-e-type=\"container\" data-settings=\"{&quot;animation&quot;:&quot;fadeInUp&quot;}\">\n\t\t<div class=\"elementor-element elementor-element-7e80436 e-con-full animated-slow e-flex elementor-invisible e-con e-child\" data-id=\"7e80436\" data-element_type=\"container\" data-e-type=\"container\" data-settings=\"{&quot;background_background&quot;:&quot;classic&quot;,&quot;animation&quot;:&quot;fadeIn&quot;,&quot;animation_delay&quot;:300}\">\n\t\t\t\t<\/div>\n\t\t<div class=\"elementor-element elementor-element-cf0e46c e-con-full animated-slow e-flex elementor-invisible e-con e-child\" data-id=\"cf0e46c\" data-element_type=\"container\" data-e-type=\"container\" data-settings=\"{&quot;animation&quot;:&quot;fadeIn&quot;}\">\n\t\t\t\t<div class=\"elementor-element elementor-element-dfa31bc elementor-widget elementor-widget-heading\" data-id=\"dfa31bc\" data-element_type=\"widget\" data-e-type=\"widget\" data-widget_type=\"heading.default\">\n\t\t\t\t\t<h2 class=\"elementor-heading-title elementor-size-default\">Uz\u0146\u0113muma IT sist\u0113mas<\/h2>\t\t\t\t<\/div>\n\t\t\t\t<div class=\"elementor-element elementor-element-0ae095b elementor-widget__width-initial elementor-widget elementor-widget-text-editor\" data-id=\"0ae095b\" data-element_type=\"widget\" data-e-type=\"widget\" data-widget_type=\"text-editor.default\">\n\t\t\t\t\t\t\t\t\t<p class=\"p1\">Izstr\u0101d\u0101jam un ievie\u0161am <span class=\"s1\">da\u017e\u0101dus IT risin\u0101jumus<\/span>, kas pal\u012bdz uz\u0146\u0113mumiem str\u0101d\u0101t efekt\u012bv\u0101k un dro\u0161\u0101k. S\u0101kot no <span class=\"s1\">akt\u012bvu uzskaites sist\u0113m\u0101m<\/span>, <span class=\"s1\">iek\u0161\u0113j\u0101m vad\u012bbas platform\u0101m<\/span> un <span class=\"s1\">darbinieku darba laika vai procesu kontroles risin\u0101jumiem<\/span>, l\u012bdz pat piln\u012bb\u0101 piel\u0101got\u0101m uz\u0146\u0113muma vajadz\u012bb\u0101m izstr\u0101d\u0101t\u0101m sist\u0113m\u0101m.<\/p><p class=\"p1\">Nodro\u0161in\u0101m ar\u012b <span class=\"s1\">ikdienas IT atbalstu<\/span> \u2013 konsult\u0101cijas, probl\u0113mu nov\u0113r\u0161anu, sist\u0113mu uztur\u0113\u0161anu un uzlabo\u0161anu, lai J\u016bsu komanda var koncentr\u0113ties uz galveno darbu bez tehnisk\u0101m raiz\u0113m.<\/p><p class=\"p1\">Ja Tev nepiecie\u0161ama <span class=\"s1\">mobil\u0101 lietotne Google Android vai Apple iOS platform\u0101m<\/span> \u2013 nek\u0101du probl\u0113mu. Izstr\u0101d\u0101jam modernas, dro\u0161as un lietot\u0101jam draudz\u012bgas aplik\u0101cijas gan uz\u0146\u0113muma iek\u0161\u0113jai lieto\u0161anai, gan klientiem. No idejas un dizaina l\u012bdz pilnai realiz\u0101cijai un uztur\u0113\u0161anai.<\/p><p class=\"p1\">M\u0113s dom\u0101jam ne tikai par tehnolo\u0123ij\u0101m, bet ar\u012b par to, lai risin\u0101jums b\u016btu <span class=\"s1\">\u0113rts, saprotams un sniegtu re\u0101lu biznesa ieguvumu<\/span>.<\/p>\t\t\t\t\t\t\t\t<\/div>\n\t\t\t\t<div class=\"elementor-element elementor-element-c4d5965 elementor-invisible elementor-widget elementor-widget-button\" data-id=\"c4d5965\" data-element_type=\"widget\" data-e-type=\"widget\" data-settings=\"{&quot;_animation&quot;:&quot;fadeInDown&quot;}\" data-widget_type=\"button.default\">\n\t\t\t\t\t\t\t\t\t\t<a class=\"elementor-button elementor-button-link elementor-size-sm\" href=\"https:\/\/smartweb.lv\/de\/it-risinajumu-izstrade-mobilas-lietotnes\/\">\n\t\t\t\t\t\t<span class=\"elementor-button-content-wrapper\">\n\t\t\t\t\t\t\t\t\t<span class=\"elementor-button-text\">Uzzin\u0101t vair\u0101k<\/span>\n\t\t\t\t\t<\/span>\n\t\t\t\t\t<\/a>\n\t\t\t\t\t\t\t\t<\/div>\n\t\t\t\t<\/div>\n\t\t\t\t<\/div>\n\t\t<div class=\"elementor-element elementor-element-9bfecef e-con-full e-flex elementor-invisible e-con e-parent\" data-id=\"9bfecef\" data-element_type=\"container\" data-e-type=\"container\" data-settings=\"{&quot;animation&quot;:&quot;fadeInUp&quot;}\">\n\t\t<div class=\"elementor-element elementor-element-12d2f97 e-con-full animated-slow e-flex elementor-invisible e-con e-child\" data-id=\"12d2f97\" data-element_type=\"container\" data-e-type=\"container\" data-settings=\"{&quot;background_background&quot;:&quot;classic&quot;,&quot;animation&quot;:&quot;fadeIn&quot;,&quot;animation_delay&quot;:300}\">\n\t\t\t\t<\/div>\n\t\t<div class=\"elementor-element elementor-element-09c05aa e-con-full animated-slow e-flex elementor-invisible e-con e-child\" data-id=\"09c05aa\" data-element_type=\"container\" data-e-type=\"container\" data-settings=\"{&quot;animation&quot;:&quot;fadeIn&quot;}\">\n\t\t\t\t<div class=\"elementor-element elementor-element-e5cf35a elementor-widget__width-initial elementor-widget elementor-widget-heading\" data-id=\"e5cf35a\" data-element_type=\"widget\" data-e-type=\"widget\" data-widget_type=\"heading.default\">\n\t\t\t\t\t<h2 class=\"elementor-heading-title elementor-size-default\">M\u0101jas lapas<\/h2>\t\t\t\t<\/div>\n\t\t\t\t<div class=\"elementor-element elementor-element-8862e27 elementor-widget__width-initial elementor-widget elementor-widget-text-editor\" data-id=\"8862e27\" data-element_type=\"widget\" data-e-type=\"widget\" data-widget_type=\"text-editor.default\">\n\t\t\t\t\t\t\t\t\t<p class=\"p1\"><span class=\"s1\">Izstr\u0101d\u0101jam visa veida m\u0101jas lapas<\/span> \u2013 no vienk\u0101r\u0161\u0101m reprezent\u0101cijas lap\u0101m l\u012bdz sare\u017e\u0123\u012btiem uz\u0146\u0113mumu un e-komercijas risin\u0101jumiem. Ja Tev nepiecie\u0161ams, nodro\u0161in\u0101m <span class=\"s1\">pilnu izstr\u0101di no A l\u012bdz Z<\/span> \u2013 s\u0101kot no <span class=\"s1\">logo izveides<\/span>, vizu\u0101l\u0101s identit\u0101tes un satura sagatavo\u0161anas l\u012bdz gatavai, funkcion\u0101lai m\u0101jas lapai.<\/p><p class=\"p1\">Izstr\u0101d\u0101jam <span class=\"s1\">individu\u0101lu dizainu<\/span>, p\u0101rdom\u0101tu strukt\u016bru un nepiecie\u0161amo <span class=\"s1\">funkcionalit\u0101ti<\/span>, piel\u0101gotu gan Tavam biznesam, gan m\u0113r\u0137auditorijai. R\u016bp\u0113jamies, lai m\u0101jas lapa b\u016btu <span class=\"s1\">\u0101tra, dro\u0161a, respons\u012bva un viegli p\u0101rvald\u0101ma<\/span>.<\/p><p class=\"p1\">P\u0113c izstr\u0101des pied\u0101v\u0101jam ar\u012b <span class=\"s1\">uztur\u0113\u0161anas un atbalsta pakalpojumus<\/span> \u2013 regul\u0101rus atjaunin\u0101jumus, dro\u0161\u012bbas uzraudz\u012bbu, satura izmai\u0146as un tehnisko atbalstu, lai Tava m\u0101jas lapa vienm\u0113r str\u0101d\u0101tu nevainojami.<\/p>\t\t\t\t\t\t\t\t<\/div>\n\t\t\t\t<div class=\"elementor-element elementor-element-d191237 elementor-widget__width-initial elementor-invisible elementor-widget elementor-widget-button\" data-id=\"d191237\" data-element_type=\"widget\" data-e-type=\"widget\" data-settings=\"{&quot;_animation&quot;:&quot;fadeInDown&quot;}\" data-widget_type=\"button.default\">\n\t\t\t\t\t\t\t\t\t\t<a class=\"elementor-button elementor-button-link elementor-size-sm\" href=\"https:\/\/smartweb.lv\/de\/majas-lapu-izstrade-un-uzturesana\/\">\n\t\t\t\t\t\t<span class=\"elementor-button-content-wrapper\">\n\t\t\t\t\t\t\t\t\t<span class=\"elementor-button-text\">Uzzin\u0101t vair\u0101k<\/span>\n\t\t\t\t\t<\/span>\n\t\t\t\t\t<\/a>\n\t\t\t\t\t\t\t\t<\/div>\n\t\t\t\t<\/div>\n\t\t\t\t<\/div>\n\t\t\t\t<\/div>\n\t\t","protected":false},"excerpt":{"rendered":"<p>M\u016bsu pakalpojumi\u200b Ja Tev ir nepiecie\u0161ams, jebk\u0101ds cits pakalpojums, m\u0113s Tev pal\u012bdz\u0113sim, jo mums ir pla\u0161a pieredze da\u017e\u0101du jaut\u0101jumu risin\u0101\u0161an\u0101. M\u0113s atrad\u012bsim risin\u0101jumu, kas tev vislab\u0101k b\u016bs nepiecie\u0161ams. pieredz\u0113jusi komanda E-komercija Lai interneta veikals darbotos nevainojami, izstr\u0101des process parasti tiek sadal\u012bts \u0161\u0101dos so\u013cos: \u2192 Izp\u0113te un pl\u0101no\u0161ana: M\u0113r\u0137auditorijas defin\u0113\u0161ana, konkurentu anal\u012bze un funkcion\u0101lo pras\u012bbu sast\u0101d\u012b\u0161ana [&hellip;]<\/p>\n","protected":false},"author":1,"featured_media":2043,"parent":0,"menu_order":0,"comment_status":"closed","ping_status":"closed","template":"","meta":{"footnotes":""},"class_list":["post-1009","page","type-page","status-publish","has-post-thumbnail","hentry"],"_links":{"self":[{"href":"https:\/\/smartweb.lv\/de\/wp-json\/wp\/v2\/pages\/1009","targetHints":{"allow":["GET"]}}],"collection":[{"href":"https:\/\/smartweb.lv\/de\/wp-json\/wp\/v2\/pages"}],"about":[{"href":"https:\/\/smartweb.lv\/de\/wp-json\/wp\/v2\/types\/page"}],"author":[{"embeddable":true,"href":"https:\/\/smartweb.lv\/de\/wp-json\/wp\/v2\/users\/1"}],"replies":[{"embeddable":true,"href":"https:\/\/smartweb.lv\/de\/wp-json\/wp\/v2\/comments?post=1009"}],"version-history":[{"count":0,"href":"https:\/\/smartweb.lv\/de\/wp-json\/wp\/v2\/pages\/1009\/revisions"}],"wp:featuredmedia":[{"embeddable":true,"href":"https:\/\/smartweb.lv\/de\/wp-json\/wp\/v2\/media\/2043"}],"wp:attachment":[{"href":"https:\/\/smartweb.lv\/de\/wp-json\/wp\/v2\/media?parent=1009"}],"curies":[{"name":"wp","href":"https:\/\/api.w.org\/{rel}","templated":true}]}}